{"id":2040,"date":"2025-11-27T20:24:12","date_gmt":"2025-11-27T19:24:12","guid":{"rendered":"https:\/\/gabriel.rigodolo.com\/cookies\/"},"modified":"2026-01-15T10:12:24","modified_gmt":"2026-01-15T09:12:24","slug":"cookies","status":"publish","type":"page","link":"https:\/\/hepatoscope.com\/fr\/cookies\/","title":{"rendered":"Cookies"},"content":{"rendered":"\t\t<div data-elementor-type=\"wp-page\" data-elementor-id=\"2040\" class=\"elementor elementor-2040 elementor-1479\" data-elementor-post-type=\"page\">\n\t\t\t\t\t\t<section class=\"elementor-section elementor-top-section elementor-element elementor-element-8848d43 elementor-section-boxed elementor-section-height-default elementor-section-height-default\" data-id=\"8848d43\" data-element_type=\"section\" data-e-type=\"section\" data-settings=\"{&quot;background_background&quot;:&quot;gradient&quot;}\">\n\t\t\t\t\t\t<div class=\"elementor-container elementor-column-gap-default\">\n\t\t\t\t\t<div class=\"elementor-column elementor-col-100 elementor-top-column elementor-element elementor-element-657abb9\" data-id=\"657abb9\" data-element_type=\"column\" data-e-type=\"column\">\n\t\t\t<div class=\"elementor-widget-wrap elementor-element-populated\">\n\t\t\t\t\t\t<div class=\"elementor-element elementor-element-d57c398 elementor-widget elementor-widget-text-editor\" data-id=\"d57c398\" data-element_type=\"widget\" data-e-type=\"widget\" data-widget_type=\"text-editor.default\">\n\t\t\t\t\t\t\t\t\t<p data-start=\"44\" data-end=\"206\"><strong data-start=\"44\" data-end=\"63\">1. Introduction<\/strong><br data-start=\"63\" data-end=\"66\" \/>La pr\u00e9sente Politique de cookies explique comment E-Scopics utilise des cookies et des technologies de suivi similaires sur Hepatoscope.com.<\/p><p data-start=\"208\" data-end=\"437\">En utilisant notre site web, vous consentez \u00e0 l\u2019utilisation de cookies conform\u00e9ment \u00e0 cette politique. Vous pouvez g\u00e9rer ou retirer votre consentement \u00e0 tout moment via les param\u00e8tres de votre navigateur ou le bandeau de cookies.<\/p><p data-start=\"439\" data-end=\"596\"><strong data-start=\"439\" data-end=\"466\">2. Que sont les cookies<\/strong><br data-start=\"466\" data-end=\"469\" \/>Les cookies sont de petits fichiers texte stock\u00e9s sur votre appareil lorsque vous visitez un site web. Ils nous permettent de :<\/p><p data-start=\"598\" data-end=\"639\">Assurer le bon fonctionnement du site web<\/p><p data-start=\"641\" data-end=\"681\">Am\u00e9liorer votre exp\u00e9rience de navigation<\/p><p data-start=\"683\" data-end=\"733\">Analyser l\u2019utilisation et les performances du site<\/p><p data-start=\"735\" data-end=\"817\">Proposer du contenu ou des communications marketing personnalis\u00e9s (le cas \u00e9ch\u00e9ant)<\/p><p data-start=\"819\" data-end=\"863\"><strong data-start=\"819\" data-end=\"861\">3. Types de cookies que nous utilisons<\/strong><\/p><p data-start=\"865\" data-end=\"1478\">Type | Finalit\u00e9 | Exemple \/ Fournisseur | Dur\u00e9e<br data-start=\"912\" data-end=\"915\" \/>Cookies n\u00e9cessaires \/ essentiels | Indispensables au fonctionnement du site | Cookies de session (ex. : identifiant de session) | Session<br data-start=\"1052\" data-end=\"1055\" \/>Cookies fonctionnels | M\u00e9moriser vos pr\u00e9f\u00e9rences | HubSpot \u2013 HubSpot, Inc. (__hssc, __hssrc) | Session<br data-start=\"1157\" data-end=\"1160\" \/>Cookies analytiques | Suivre l\u2019utilisation et les performances du site | Google Analytics \u2013 Google LLC (_ga 2 ans, _gid 24 h, _gat 1 min) | Voir les noms des cookies<br data-start=\"1325\" data-end=\"1328\" \/>Cookies marketing \/ publicitaires | Diffuser des publicit\u00e9s personnalis\u00e9es (le cas \u00e9ch\u00e9ant) | HubSpot \u2013 HubSpot, Inc. (hubspotutk, __hstc) | 13 mois<\/p><p data-start=\"1480\" data-end=\"1662\"><strong data-start=\"1480\" data-end=\"1522\">4. Consentement et gestion des cookies<\/strong><br data-start=\"1522\" data-end=\"1525\" \/>Lors de votre premi\u00e8re visite sur Hepatoscope.com, un bandeau de cookies vous permet d\u2019accepter ou de refuser les cookies non essentiels.<\/p><p data-start=\"1664\" data-end=\"1777\">Vous pouvez modifier vos pr\u00e9f\u00e9rences \u00e0 tout moment via le lien de gestion des cookies situ\u00e9 dans le pied de page.<\/p><p data-start=\"1779\" data-end=\"2006\">Vous pouvez \u00e9galement d\u00e9sactiver les cookies directement dans les param\u00e8tres de votre navigateur (Chrome, Firefox, Safari, Edge, etc.), toutefois certaines fonctionnalit\u00e9s du site web pourraient ne pas fonctionner correctement.<\/p><p data-start=\"2008\" data-end=\"2264\"><strong data-start=\"2008\" data-end=\"2028\">5. Cookies tiers<\/strong><br data-start=\"2028\" data-end=\"2031\" \/>Certains cookies sont d\u00e9pos\u00e9s par des tiers (par exemple, des fournisseurs de services d\u2019analyse ou de publicit\u00e9). Nous veillons \u00e0 ce que ces cookies tiers respectent la r\u00e9glementation europ\u00e9enne en mati\u00e8re de protection des donn\u00e9es.<\/p><p data-start=\"2266\" data-end=\"2324\">Fournisseurs : Google Analytics, Kinsta Analytics, HubSpot<\/p><p data-start=\"2326\" data-end=\"2410\">Donn\u00e9es collect\u00e9es : donn\u00e9es d\u2019utilisation anonymis\u00e9es, adresses IP (le cas \u00e9ch\u00e9ant)<\/p><p data-start=\"2412\" data-end=\"2564\"><strong data-start=\"2412\" data-end=\"2459\">6. Base l\u00e9gale de l\u2019utilisation des cookies<\/strong><br data-start=\"2459\" data-end=\"2462\" \/>Cookies n\u00e9cessaires : requis pour le fonctionnement du site web (art. 6(1)(f) RGPD \u2013 int\u00e9r\u00eat l\u00e9gitime)<\/p><p data-start=\"2566\" data-end=\"2671\">Autres cookies (fonctionnels, analytiques, marketing) : consentement de l\u2019utilisateur (art. 6(1)(a) RGPD)<\/p><p data-start=\"2673\" data-end=\"2987\"><strong data-start=\"2673\" data-end=\"2728\">7. Mises \u00e0 jour de la pr\u00e9sente Politique de cookies<\/strong><br data-start=\"2728\" data-end=\"2731\" \/>Nous pouvons mettre \u00e0 jour cette Politique de cookies p\u00e9riodiquement afin de refl\u00e9ter les \u00e9volutions de notre site web ou de la l\u00e9gislation applicable. La date de \u00ab Derni\u00e8re mise \u00e0 jour \u00bb indiqu\u00e9e en haut de la page correspond \u00e0 la version la plus r\u00e9cente.<\/p><p data-start=\"2989\" data-end=\"3022\">Derni\u00e8re mise \u00e0 jour : 01\/12\/2026<\/p><p data-start=\"3024\" data-end=\"3156\"><strong data-start=\"3024\" data-end=\"3038\">8. Contact<\/strong><br data-start=\"3038\" data-end=\"3041\" \/>Pour toute question concernant notre utilisation des cookies ou la pr\u00e9sente politique, vous pouvez nous contacter :<\/p><p data-start=\"3158\" data-end=\"3187\" data-is-last-node=\"\" data-is-only-node=\"\">Email : <a class=\"decorated-link cursor-pointer\" rel=\"noopener\" data-start=\"3166\" data-end=\"3187\" data-is-last-node=\"\">contact@e-scopics.com<\/a><\/p>\t\t\t\t\t\t\t\t<\/div>\n\t\t\t\t\t<\/div>\n\t\t<\/div>\n\t\t\t\t\t<\/div>\n\t\t<\/section>\n\t\t\t\t<\/div>\n\t\t","protected":false},"excerpt":{"rendered":"<p>1. IntroductionLa pr\u00e9sente Politique de cookies explique comment E-Scopics utilise des cookies et des technologies de suivi similaires sur Hepatoscope.com. En utilisant notre site web, vous consentez \u00e0 l\u2019utilisation de cookies conform\u00e9ment \u00e0 cette politique. Vous pouvez g\u00e9rer ou retirer votre consentement \u00e0 tout moment via les param\u00e8tres de votre navigateur ou le bandeau de [&hellip;]<\/p>\n","protected":false},"author":1,"featured_media":0,"parent":0,"menu_order":0,"comment_status":"closed","ping_status":"closed","template":"","meta":{"_acf_changed":false,"content-type":"","footnotes":""},"class_list":["post-2040","page","type-page","status-publish","hentry"],"acf":[],"_links":{"self":[{"href":"https:\/\/hepatoscope.com\/fr\/wp-json\/wp\/v2\/pages\/2040","targetHints":{"allow":["GET"]}}],"collection":[{"href":"https:\/\/hepatoscope.com\/fr\/wp-json\/wp\/v2\/pages"}],"about":[{"href":"https:\/\/hepatoscope.com\/fr\/wp-json\/wp\/v2\/types\/page"}],"author":[{"embeddable":true,"href":"https:\/\/hepatoscope.com\/fr\/wp-json\/wp\/v2\/users\/1"}],"replies":[{"embeddable":true,"href":"https:\/\/hepatoscope.com\/fr\/wp-json\/wp\/v2\/comments?post=2040"}],"version-history":[{"count":4,"href":"https:\/\/hepatoscope.com\/fr\/wp-json\/wp\/v2\/pages\/2040\/revisions"}],"predecessor-version":[{"id":2864,"href":"https:\/\/hepatoscope.com\/fr\/wp-json\/wp\/v2\/pages\/2040\/revisions\/2864"}],"wp:attachment":[{"href":"https:\/\/hepatoscope.com\/fr\/wp-json\/wp\/v2\/media?parent=2040"}],"curies":[{"name":"wp","href":"https:\/\/api.w.org\/{rel}","templated":true}]}}