{"id":2045,"date":"2025-11-27T20:24:20","date_gmt":"2025-11-27T19:24:20","guid":{"rendered":"https:\/\/gabriel.rigodolo.com\/mentions-legales\/"},"modified":"2026-01-15T10:13:21","modified_gmt":"2026-01-15T09:13:21","slug":"mentions-legales","status":"publish","type":"page","link":"https:\/\/hepatoscope.com\/fr\/mentions-legales\/","title":{"rendered":"Mentions l\u00e9gales"},"content":{"rendered":"\t\t<div data-elementor-type=\"wp-page\" data-elementor-id=\"2045\" class=\"elementor elementor-2045 elementor-1481\" data-elementor-post-type=\"page\">\n\t\t\t\t\t\t<section class=\"elementor-section elementor-top-section elementor-element elementor-element-679f0dd elementor-section-boxed elementor-section-height-default elementor-section-height-default\" data-id=\"679f0dd\" data-element_type=\"section\" data-e-type=\"section\" data-settings=\"{&quot;background_background&quot;:&quot;gradient&quot;}\">\n\t\t\t\t\t\t<div class=\"elementor-container elementor-column-gap-default\">\n\t\t\t\t\t<div class=\"elementor-column elementor-col-100 elementor-top-column elementor-element elementor-element-6eff7ae\" data-id=\"6eff7ae\" data-element_type=\"column\" data-e-type=\"column\">\n\t\t\t<div class=\"elementor-widget-wrap elementor-element-populated\">\n\t\t\t\t\t\t<div class=\"elementor-element elementor-element-14a1a91 elementor-widget elementor-widget-text-editor\" data-id=\"14a1a91\" data-element_type=\"widget\" data-e-type=\"widget\" data-widget_type=\"text-editor.default\">\n\t\t\t\t\t\t\t\t\t<div class=\"flex flex-col text-sm pb-25\"><article class=\"text-token-text-primary w-full focus:outline-none [--shadow-height:45px] has-data-writing-block:pointer-events-none has-data-writing-block:-mt-(--shadow-height) has-data-writing-block:pt-(--shadow-height) [&amp;:has([data-writing-block])&gt;*]:pointer-events-auto scroll-mt-[calc(var(--header-height)+min(200px,max(70px,20svh)))]\" dir=\"auto\" tabindex=\"-1\" data-turn-id=\"request-WEB:f45280da-2c28-46c4-9297-c3bcc7b90978-2\" data-testid=\"conversation-turn-6\" data-scroll-anchor=\"true\" data-turn=\"assistant\"><div class=\"text-base my-auto mx-auto pb-10 [--thread-content-margin:--spacing(4)] @w-sm\/main:[--thread-content-margin:--spacing(6)] @w-lg\/main:[--thread-content-margin:--spacing(16)] px-(--thread-content-margin)\"><div class=\"[--thread-content-max-width:40rem] @w-lg\/main:[--thread-content-max-width:48rem] mx-auto max-w-(--thread-content-max-width) flex-1 group\/turn-messages focus-visible:outline-hidden relative flex w-full min-w-0 flex-col agent-turn\" tabindex=\"-1\"><div class=\"flex max-w-full flex-col grow\"><div class=\"min-h-8 text-message relative flex w-full flex-col items-end gap-2 text-start break-words whitespace-normal [.text-message+&amp;]:mt-1\" dir=\"auto\" data-message-author-role=\"assistant\" data-message-id=\"de0bc87f-5418-4bee-aafc-b8f2cd0978e8\" data-message-model-slug=\"gpt-5-2\"><div class=\"flex w-full flex-col gap-1 empty:hidden first:pt-[1px]\"><div class=\"markdown prose dark:prose-invert w-full break-words dark markdown-new-styling\"><p data-start=\"0\" data-end=\"353\"><strong data-start=\"0\" data-end=\"19\">\u00c9diteur du site<\/strong><br data-start=\"19\" data-end=\"22\" \/>Le pr\u00e9sent site web, <a class=\"decorated-link\" href=\"http:\/\/www.hepatoscope.com\" target=\"_new\" rel=\"noopener\" data-start=\"43\" data-end=\"62\">www.hepatoscope.com<\/a>, est \u00e9dit\u00e9 par : <strong data-start=\"80\" data-end=\"93\">E-Scopics<\/strong><br data-start=\"93\" data-end=\"96\" \/>Forme juridique : Soci\u00e9t\u00e9 par actions simplifi\u00e9e (SAS)<br data-start=\"150\" data-end=\"153\" \/>Si\u00e8ge social : 931 Chemin de la Bosque d\u2019Antonelle, 13090 Aix-en-Provence, France<br data-start=\"234\" data-end=\"237\" \/>Num\u00e9ro d\u2019immatriculation : 841 467 293 \u2013 RCS Aix-en-Provence<br data-start=\"297\" data-end=\"300\" \/>Num\u00e9ro de TVA intracommunautaire : FR74 841 467 293<\/p><p data-start=\"355\" data-end=\"519\">Hepatoscope est un produit d\u00e9velopp\u00e9 et commercialis\u00e9 par E-Scopics.<br data-start=\"423\" data-end=\"426\" \/>Ce site web est un site de pr\u00e9sentation institutionnelle et ne propose pas de vente en ligne.<\/p><p data-start=\"521\" data-end=\"830\"><strong data-start=\"521\" data-end=\"561\">Classification du dispositif m\u00e9dical<\/strong><br data-start=\"561\" data-end=\"564\" \/>Hepatoscope est un dispositif m\u00e9dical de classe IIa dans l\u2019Union europ\u00e9enne (marquage CE) et un dispositif m\u00e9dical de classe II aux \u00c9tats-Unis (autorisation FDA). Ce produit de sant\u00e9 r\u00e9glement\u00e9 porte, conform\u00e9ment \u00e0 la r\u00e9glementation europ\u00e9enne, le marquage CE 2460.<\/p><p data-start=\"832\" data-end=\"915\"><strong data-start=\"832\" data-end=\"863\">Directeur de la publication<\/strong><br data-start=\"863\" data-end=\"866\" \/>Directeur de la publication : Claude Cohen-Bacrie<\/p><p data-start=\"917\" data-end=\"1043\"><strong data-start=\"917\" data-end=\"932\">Coordonn\u00e9es<\/strong><br data-start=\"932\" data-end=\"935\" \/>Email : <a class=\"decorated-link cursor-pointer\" rel=\"noopener\" data-start=\"943\" data-end=\"964\">contact@e-scopics.com<\/a><br data-start=\"964\" data-end=\"967\" \/>Adresse : 931 Chemin de la Bosque d\u2019Antonelle, 13090 Aix-en-Provence, France<\/p><p data-start=\"1045\" data-end=\"1086\"><strong data-start=\"1045\" data-end=\"1058\">H\u00e9bergeur<\/strong><br data-start=\"1058\" data-end=\"1061\" \/>Le site est h\u00e9berg\u00e9 par :<\/p><p data-start=\"1088\" data-end=\"1259\">Kinsta Inc.<br data-start=\"1099\" data-end=\"1102\" \/>Forme juridique : Corporation<br data-start=\"1131\" data-end=\"1134\" \/>Si\u00e8ge social : 8605 Santa Monica Blvd #92581, West Hollywood, CA 90069, \u00c9tats-Unis d\u2019Am\u00e9rique<br data-start=\"1227\" data-end=\"1230\" \/>Site web : <a class=\"decorated-link\" href=\"https:\/\/kinsta.com\" target=\"_new\" rel=\"noopener\" data-start=\"1241\" data-end=\"1259\">https:\/\/kinsta.com<\/a><\/p><p data-start=\"1261\" data-end=\"1490\"><strong data-start=\"1261\" data-end=\"1289\">Propri\u00e9t\u00e9 intellectuelle<\/strong><br data-start=\"1289\" data-end=\"1292\" \/>L\u2019ensemble des contenus pr\u00e9sents sur ce site, incluant notamment les textes, images, graphismes, logos, vid\u00e9os, marques et logiciels, est la propri\u00e9t\u00e9 exclusive de E-Scopics, sauf mention contraire.<\/p><p data-start=\"1492\" data-end=\"1721\">Toute reproduction, repr\u00e9sentation, modification, distribution ou exploitation, totale ou partielle, du contenu du site, par quelque proc\u00e9d\u00e9 que ce soit, sans autorisation \u00e9crite pr\u00e9alable de E-Scopics, est strictement interdite.<\/p><p data-start=\"1723\" data-end=\"1757\"><strong data-start=\"1723\" data-end=\"1755\">Limitation de responsabilit\u00e9<\/strong><\/p><p data-start=\"1759\" data-end=\"2203\"><strong data-start=\"1759\" data-end=\"1801\">Vigilance et d\u00e9claration des incidents<\/strong><br data-start=\"1801\" data-end=\"1804\" \/>Tout effet ind\u00e9sirable ou incident grave li\u00e9 \u00e0 l\u2019utilisation du dispositif Hepatoscope doit \u00eatre signal\u00e9 imm\u00e9diatement \u00e0 E-Scopics \u00e0 l\u2019adresse suivante : support(@)e-scopics.com. Conform\u00e9ment \u00e0 la r\u00e9glementation applicable (notamment l\u2019article L.5212-4 du Code de la sant\u00e9 publique en France), les utilisateurs sont \u00e9galement encourag\u00e9s \u00e0 signaler les incidents \u00e0 l\u2019autorit\u00e9 comp\u00e9tente de leur pays.<\/p><p data-start=\"2205\" data-end=\"2636\">Les informations fournies sur ce site web le sont \u00e0 titre purement informatif et ne constituent en aucun cas un avis m\u00e9dical, technique ou commercial. L\u2019utilisation de ce dispositif m\u00e9dical requiert l\u2019intervention d\u2019un professionnel de sant\u00e9 form\u00e9. Les informations pr\u00e9sent\u00e9es sur ce site ne remplacent en aucun cas les instructions d\u2019utilisation officielles (IFU) fournies avec le dispositif ni l\u2019avis d\u2019un professionnel qualifi\u00e9.<\/p><p data-start=\"2638\" data-end=\"2828\">E-Scopics met tout en \u0153uvre pour assurer l\u2019exactitude et la mise \u00e0 jour des informations publi\u00e9es sur ce site, mais ne peut garantir que ces informations soient compl\u00e8tes, exactes ou \u00e0 jour.<\/p><p data-start=\"2830\" data-end=\"3055\">E-Scopics ne saurait \u00eatre tenue responsable des dommages directs ou indirects r\u00e9sultant de l\u2019acc\u00e8s ou de l\u2019utilisation de ce site web, y compris, sans s\u2019y limiter, les probl\u00e8mes techniques, les inexactitudes ou les omissions.<\/p><p data-start=\"3057\" data-end=\"3313\"><strong data-start=\"3057\" data-end=\"3068\">Marques<\/strong><br data-start=\"3068\" data-end=\"3071\" \/>Les logos de E-Scopics figurant sur le site <a class=\"decorated-link\" href=\"https:\/\/www.e-scopics.com\/\" target=\"_new\" rel=\"noopener\" data-start=\"3115\" data-end=\"3141\">https:\/\/www.e-scopics.com\/<\/a> sont des logos d\u00e9pos\u00e9s. Toute reproduction, imitation ou utilisation totale ou partielle de ces logos sans l\u2019autorisation pr\u00e9alable et expresse de E-Scopics est interdite.<\/p><p data-start=\"3315\" data-end=\"3571\"><strong data-start=\"3315\" data-end=\"3361\">Droit applicable et juridiction comp\u00e9tente<\/strong><br data-start=\"3361\" data-end=\"3364\" \/>Le pr\u00e9sent site web et son contenu sont r\u00e9gis par le droit fran\u00e7ais.<br data-start=\"3432\" data-end=\"3435\" \/>Tout litige relatif \u00e0 l\u2019utilisation de ce site sera soumis \u00e0 la comp\u00e9tence exclusive des tribunaux comp\u00e9tents d\u2019Aix-en-Provence, France.<\/p><p data-start=\"3573\" data-end=\"3633\" data-is-last-node=\"\" data-is-only-node=\"\"><strong data-start=\"3573\" data-end=\"3597\">Derni\u00e8re mise \u00e0 jour<\/strong><br data-start=\"3597\" data-end=\"3600\" \/>Derni\u00e8re mise \u00e0 jour : 01\/12\/2026<\/p><\/div><\/div><\/div><\/div><div class=\"z-0 flex min-h-[46px] justify-start\">\u00a0<\/div><\/div><\/div><\/article><\/div><div class=\"pointer-events-none h-px w-px absolute bottom-0\" aria-hidden=\"true\" data-edge=\"true\">\u00a0<\/div>\t\t\t\t\t\t\t\t<\/div>\n\t\t\t\t\t<\/div>\n\t\t<\/div>\n\t\t\t\t\t<\/div>\n\t\t<\/section>\n\t\t\t\t<\/div>\n\t\t","protected":false},"excerpt":{"rendered":"<p>\u00c9diteur du siteLe pr\u00e9sent site web, www.hepatoscope.com, est \u00e9dit\u00e9 par : E-ScopicsForme juridique : Soci\u00e9t\u00e9 par actions simplifi\u00e9e (SAS)Si\u00e8ge social : 931 Chemin de la Bosque d\u2019Antonelle, 13090 Aix-en-Provence, FranceNum\u00e9ro d\u2019immatriculation : 841 467 293 \u2013 RCS Aix-en-ProvenceNum\u00e9ro de TVA intracommunautaire : FR74 841 467 293 Hepatoscope est un produit d\u00e9velopp\u00e9 et commercialis\u00e9 par E-Scopics.Ce [&hellip;]<\/p>\n","protected":false},"author":1,"featured_media":0,"parent":0,"menu_order":0,"comment_status":"closed","ping_status":"closed","template":"","meta":{"_acf_changed":false,"content-type":"","footnotes":""},"class_list":["post-2045","page","type-page","status-publish","hentry"],"acf":[],"_links":{"self":[{"href":"https:\/\/hepatoscope.com\/fr\/wp-json\/wp\/v2\/pages\/2045","targetHints":{"allow":["GET"]}}],"collection":[{"href":"https:\/\/hepatoscope.com\/fr\/wp-json\/wp\/v2\/pages"}],"about":[{"href":"https:\/\/hepatoscope.com\/fr\/wp-json\/wp\/v2\/types\/page"}],"author":[{"embeddable":true,"href":"https:\/\/hepatoscope.com\/fr\/wp-json\/wp\/v2\/users\/1"}],"replies":[{"embeddable":true,"href":"https:\/\/hepatoscope.com\/fr\/wp-json\/wp\/v2\/comments?post=2045"}],"version-history":[{"count":4,"href":"https:\/\/hepatoscope.com\/fr\/wp-json\/wp\/v2\/pages\/2045\/revisions"}],"predecessor-version":[{"id":2867,"href":"https:\/\/hepatoscope.com\/fr\/wp-json\/wp\/v2\/pages\/2045\/revisions\/2867"}],"wp:attachment":[{"href":"https:\/\/hepatoscope.com\/fr\/wp-json\/wp\/v2\/media?parent=2045"}],"curies":[{"name":"wp","href":"https:\/\/api.w.org\/{rel}","templated":true}]}}