{"id":2109,"date":"2025-11-27T20:20:33","date_gmt":"2025-11-27T19:20:33","guid":{"rendered":"https:\/\/gabriel.rigodolo.com\/contact\/"},"modified":"2026-01-26T10:22:56","modified_gmt":"2026-01-26T09:22:56","slug":"contact","status":"publish","type":"page","link":"https:\/\/hepatoscope.com\/fr\/contact\/","title":{"rendered":"Contact"},"content":{"rendered":"\t\t<div data-elementor-type=\"wp-page\" data-elementor-id=\"2109\" class=\"elementor elementor-2109 elementor-1460\" data-elementor-post-type=\"page\">\n\t\t\t\t<div class=\"elementor-element elementor-element-17236eb e-con-full e-flex e-con e-parent\" data-id=\"17236eb\" data-element_type=\"container\" data-e-type=\"container\" data-settings=\"{&quot;background_background&quot;:&quot;gradient&quot;}\">\n\t\t\t\t<div class=\"elementor-element elementor-element-1ff4dc6 elementor-absolute e-transform elementor-widget elementor-widget-image\" data-id=\"1ff4dc6\" data-element_type=\"widget\" data-e-type=\"widget\" data-settings=\"{&quot;_position&quot;:&quot;absolute&quot;,&quot;_transform_rotateZ_effect&quot;:{&quot;unit&quot;:&quot;px&quot;,&quot;size&quot;:4,&quot;sizes&quot;:[]},&quot;_transform_rotateZ_effect_tablet&quot;:{&quot;unit&quot;:&quot;deg&quot;,&quot;size&quot;:&quot;&quot;,&quot;sizes&quot;:[]},&quot;_transform_rotateZ_effect_mobile&quot;:{&quot;unit&quot;:&quot;deg&quot;,&quot;size&quot;:&quot;&quot;,&quot;sizes&quot;:[]}}\" data-widget_type=\"image.default\">\n\t\t\t\t\t\t\t\t\t\t\t\t\t\t\t<img decoding=\"async\" src=\"https:\/\/hepatoscope.com\/wp-content\/uploads\/2025\/11\/Vector-1.svg\" title=\"\" alt=\"\" loading=\"lazy\" \/>\t\t\t\t\t\t\t\t\t\t\t\t\t\t\t<\/div>\n\t\t<div class=\"elementor-element elementor-element-b7dbb98 e-con-full e-flex e-con e-child\" data-id=\"b7dbb98\" data-element_type=\"container\" data-e-type=\"container\" data-settings=\"{&quot;background_background&quot;:&quot;gradient&quot;}\">\n\t\t<div class=\"elementor-element elementor-element-62c98d8 e-flex e-con-boxed e-con e-child\" data-id=\"62c98d8\" data-element_type=\"container\" data-e-type=\"container\">\n\t\t\t\t\t<div class=\"e-con-inner\">\n\t\t\t\t<div class=\"elementor-element elementor-element-78261b1 elementor-widget__width-initial elementor-widget elementor-widget-hubspot-form\" data-id=\"78261b1\" data-element_type=\"widget\" data-e-type=\"widget\" data-widget_type=\"hubspot-form.default\">\n\t\t\t\t<div class=\"elementor-widget-container\">\n\t\t\t\t\t\n\t\t\t<div\n\t\t\tclass=\"hs-form-frame\"\n\t\t\tdata-region=\"na1\"\n\t\t\tdata-form-id=\"960456a3-0b91-4473-aca2-f45d73780bb7\"\n\t\t\tdata-portal-id=\"44886753\"\n\t\t\t >\n\t\t\t<\/div>\n\t\t\t\t\t\t\t<\/div>\n\t\t\t\t<\/div>\n\t\t<div class=\"elementor-element elementor-element-f95cdfa e-con-full e-flex e-con e-child\" data-id=\"f95cdfa\" data-element_type=\"container\" data-e-type=\"container\">\n\t\t\t\t<div class=\"elementor-element elementor-element-83eb1fd elementor-widget elementor-widget-google_maps\" data-id=\"83eb1fd\" data-element_type=\"widget\" data-e-type=\"widget\" data-widget_type=\"google_maps.default\">\n\t\t\t\t\t\t\t<div class=\"elementor-custom-embed\">\n\t\t\t<iframe loading=\"lazy\"\n\t\t\t\t\tsrc=\"https:\/\/maps.google.com\/maps?q=E-Scopics&#038;t=m&#038;z=14&#038;output=embed&#038;iwloc=near\"\n\t\t\t\t\ttitle=\"E-Scopics\"\n\t\t\t\t\taria-label=\"E-Scopics\"\n\t\t\t><\/iframe>\n\t\t<\/div>\n\t\t\t\t\t\t<\/div>\n\t\t\t\t<\/div>\n\t\t\t\t\t<\/div>\n\t\t\t\t<\/div>\n\t\t\t\t<\/div>\n\t\t\t\t<div class=\"elementor-element elementor-element-84dabdd elementor-widget elementor-widget-text-editor\" data-id=\"84dabdd\" data-element_type=\"widget\" data-e-type=\"widget\" data-widget_type=\"text-editor.default\">\n\t\t\t\t\t\t\t\t\t<p>Your personal data will be sent and processed by E-Scopics in order to reply to your message and to provide you with general information on the company and its products. Under the General Data Protection Regulation (GDPR), processing of such information is necessary for the purposes of the legitimate interests pursued by E-Scopics. <\/p><p>E-Scopics conserve vos donn\u00e9es personnelles pendant trois ans et ne les partage jamais avec des partenaires commerciaux. Le personnel autoris\u00e9 des sous-traitants d&rsquo;E-Scopics peut avoir acc\u00e8s \u00e0 vos donn\u00e9es.  <\/p><p>Conform\u00e9ment au RGPD et \u00e0 la loi fran\u00e7aise n\u00b0 78-17 du 6 janvier 1978 relative \u00e0 l&rsquo;informatique, aux fichiers et aux libert\u00e9s, vous disposez d&rsquo;un droit d&rsquo;acc\u00e8s, de rectification, d&rsquo;effacement, de limitation du traitement ou d&rsquo;opposition au traitement de vos donn\u00e9es personnelles. Vous pouvez le faire \u00e0 tout moment en contactant le responsable de la protection des donn\u00e9es d&rsquo;E-Scopics \u00e0 l&rsquo;adresse suivante : dpo@e-scopics.com. Si vous avez des inqui\u00e9tudes concernant l&rsquo;utilisation de vos informations personnelles, vous pouvez d\u00e9poser une plainte aupr\u00e8s de la CNIL.  <\/p>\t\t\t\t\t\t\t\t<\/div>\n\t\t\t\t<\/div>\n\t\t\t\t<\/div>\n\t\t","protected":false},"excerpt":{"rendered":"<p>Your personal data will be sent and processed by E-Scopics in order to reply to your message and to provide you with general information on the company and its products. Under the General Data Protection Regulation (GDPR), processing of such information is necessary for the purposes of the legitimate interests pursued by E-Scopics. E-Scopics conserve [&hellip;]<\/p>\n","protected":false},"author":1,"featured_media":2062,"parent":0,"menu_order":0,"comment_status":"closed","ping_status":"closed","template":"","meta":{"_acf_changed":false,"content-type":"","footnotes":""},"class_list":["post-2109","page","type-page","status-publish","has-post-thumbnail","hentry"],"acf":[],"_links":{"self":[{"href":"https:\/\/hepatoscope.com\/fr\/wp-json\/wp\/v2\/pages\/2109","targetHints":{"allow":["GET"]}}],"collection":[{"href":"https:\/\/hepatoscope.com\/fr\/wp-json\/wp\/v2\/pages"}],"about":[{"href":"https:\/\/hepatoscope.com\/fr\/wp-json\/wp\/v2\/types\/page"}],"author":[{"embeddable":true,"href":"https:\/\/hepatoscope.com\/fr\/wp-json\/wp\/v2\/users\/1"}],"replies":[{"embeddable":true,"href":"https:\/\/hepatoscope.com\/fr\/wp-json\/wp\/v2\/comments?post=2109"}],"version-history":[{"count":17,"href":"https:\/\/hepatoscope.com\/fr\/wp-json\/wp\/v2\/pages\/2109\/revisions"}],"predecessor-version":[{"id":3151,"href":"https:\/\/hepatoscope.com\/fr\/wp-json\/wp\/v2\/pages\/2109\/revisions\/3151"}],"wp:featuredmedia":[{"embeddable":true,"href":"https:\/\/hepatoscope.com\/fr\/wp-json\/wp\/v2\/media\/2062"}],"wp:attachment":[{"href":"https:\/\/hepatoscope.com\/fr\/wp-json\/wp\/v2\/media?parent=2109"}],"curies":[{"name":"wp","href":"https:\/\/api.w.org\/{rel}","templated":true}]}}