{"id":2270,"date":"2025-11-27T20:18:50","date_gmt":"2025-11-27T19:18:50","guid":{"rendered":"https:\/\/gabriel.rigodolo.com\/2dte\/"},"modified":"2025-11-29T05:55:23","modified_gmt":"2025-11-29T04:55:23","slug":"2dte","status":"publish","type":"page","link":"https:\/\/hepatoscope.com\/fr\/2dte\/","title":{"rendered":"2DTE"},"content":{"rendered":"\t\t<div data-elementor-type=\"wp-page\" data-elementor-id=\"2270\" class=\"elementor elementor-2270 elementor-1452\" data-elementor-post-type=\"page\">\n\t\t\t\t<div class=\"elementor-element elementor-element-0836ebb e-flex e-con-boxed e-con e-parent\" data-id=\"0836ebb\" data-element_type=\"container\" data-e-type=\"container\">\n\t\t\t\t\t<div class=\"e-con-inner\">\n\t\t<div class=\"elementor-element elementor-element-5dabd2a e-con-full e-flex e-con e-child\" data-id=\"5dabd2a\" data-element_type=\"container\" data-e-type=\"container\">\n\t\t\t\t<div class=\"elementor-element elementor-element-ac51a1f elementor-widget elementor-widget-heading\" data-id=\"ac51a1f\" data-element_type=\"widget\" data-e-type=\"widget\" data-widget_type=\"heading.default\">\n\t\t\t\t\t<h1 class=\"elementor-heading-title elementor-size-default\">2DTE<\/h1>\t\t\t\t<\/div>\n\t\t\t\t<div class=\"elementor-element elementor-element-7d31c1d elementor-widget elementor-widget-heading\" data-id=\"7d31c1d\" data-element_type=\"widget\" data-e-type=\"widget\" data-widget_type=\"heading.default\">\n\t\t\t\t\t<h2 class=\"elementor-heading-title elementor-size-default\">Quand l'imagerie ultrarapide rencontre l'\u00e9lastographie transitoire<\/h2>\t\t\t\t<\/div>\n\t\t<div class=\"elementor-element elementor-element-6028496 e-con-full e-flex e-con e-child\" data-id=\"6028496\" data-element_type=\"container\" data-e-type=\"container\">\n\t\t<div class=\"elementor-element elementor-element-6d1435a e-con-full e-flex e-con e-child\" data-id=\"6d1435a\" data-element_type=\"container\" data-e-type=\"container\">\n\t\t\t\t<div class=\"elementor-element elementor-element-44bfed8 elementor-widget elementor-widget-text-editor\" data-id=\"44bfed8\" data-element_type=\"widget\" data-e-type=\"widget\" data-widget_type=\"text-editor.default\">\n\t\t\t\t\t\t\t\t\t<p>Hepatoscope 2DTE (\u00e9lastographie transitoire bidimensionnelle) est une technologie d&rsquo;\u00e9chographie r\u00e9volutionnaire pour la mesure de la rigidit\u00e9 h\u00e9patique (LSM), int\u00e9grant \u00e0 la fois l&rsquo;\u00e9lastographie transitoire (Catheline, Wu, et Fink 1999) et l&rsquo;\u00e9chographie ultrarapide (Tanter et Fink 2014), mise en \u0153uvre dans un format ultra-portable. Il s&rsquo;agit du r\u00e9sultat fructueux d&rsquo;ann\u00e9es de d\u00e9veloppement et int\u00e8gre plus de dix brevets. Aliment\u00e9 uniquement par le port USB-C d&rsquo;un ordinateur, Hepatoscope a r\u00e9solu de nombreux d\u00e9fis techniques, notamment l&rsquo;efficacit\u00e9 \u00e9nerg\u00e9tique, la r\u00e9duction du d\u00e9bit de donn\u00e9es et la portabilit\u00e9.<\/p>\t\t\t\t\t\t\t\t<\/div>\n\t\t\t\t<\/div>\n\t\t<div class=\"elementor-element elementor-element-1043951 e-con-full e-flex e-con e-child\" data-id=\"1043951\" data-element_type=\"container\" data-e-type=\"container\">\n\t\t\t\t<div class=\"elementor-element elementor-element-3f2bada elementor-widget elementor-widget-image\" data-id=\"3f2bada\" data-element_type=\"widget\" data-e-type=\"widget\" data-widget_type=\"image.default\">\n\t\t\t\t\t\t\t\t\t\t\t\t\t\t\t<img fetchpriority=\"high\" decoding=\"async\" width=\"800\" height=\"507\" src=\"https:\/\/hepatoscope.com\/wp-content\/uploads\/2025\/11\/a3f9c73662fd191f230b337bd5311e1bc1a82f94-1-1024x649.png\" class=\"attachment-large size-large wp-image-2271\" alt=\"\" srcset=\"https:\/\/hepatoscope.com\/wp-content\/uploads\/2025\/11\/a3f9c73662fd191f230b337bd5311e1bc1a82f94-1-1024x649.png 1024w, https:\/\/hepatoscope.com\/wp-content\/uploads\/2025\/11\/a3f9c73662fd191f230b337bd5311e1bc1a82f94-1-300x190.png 300w, https:\/\/hepatoscope.com\/wp-content\/uploads\/2025\/11\/a3f9c73662fd191f230b337bd5311e1bc1a82f94-1-768x486.png 768w, https:\/\/hepatoscope.com\/wp-content\/uploads\/2025\/11\/a3f9c73662fd191f230b337bd5311e1bc1a82f94-1-1536x973.png 1536w, https:\/\/hepatoscope.com\/wp-content\/uploads\/2025\/11\/a3f9c73662fd191f230b337bd5311e1bc1a82f94-1-2048x1297.png 2048w\" sizes=\"(max-width: 800px) 100vw, 800px\" \/>\t\t\t\t\t\t\t\t\t\t\t\t\t\t\t<\/div>\n\t\t\t\t<\/div>\n\t\t\t\t<\/div>\n\t\t\t\t<\/div>\n\t\t\t\t\t<\/div>\n\t\t\t\t<\/div>\n\t\t<div class=\"elementor-element elementor-element-77380be e-flex e-con-boxed e-con e-parent\" data-id=\"77380be\" data-element_type=\"container\" data-e-type=\"container\">\n\t\t\t\t\t<div class=\"e-con-inner\">\n\t\t<div class=\"elementor-element elementor-element-ccc603e e-con-full e-flex e-con e-child\" data-id=\"ccc603e\" data-element_type=\"container\" data-e-type=\"container\" data-settings=\"{&quot;background_background&quot;:&quot;classic&quot;}\">\n\t\t<div class=\"elementor-element elementor-element-0036bac e-con-full e-flex e-con e-child\" data-id=\"0036bac\" data-element_type=\"container\" data-e-type=\"container\">\n\t\t\t\t<div class=\"elementor-element elementor-element-e670924 elementor-widget elementor-widget-heading\" data-id=\"e670924\" data-element_type=\"widget\" data-e-type=\"widget\" data-widget_type=\"heading.default\">\n\t\t\t\t\t<h2 class=\"elementor-heading-title elementor-size-default\">Bref historique de l'\u00e9lastographie<\/h2>\t\t\t\t<\/div>\n\t\t\t\t<div class=\"elementor-element elementor-element-4ae8b25 elementor-widget elementor-widget-text-editor\" data-id=\"4ae8b25\" data-element_type=\"widget\" data-e-type=\"widget\" data-widget_type=\"text-editor.default\">\n\t\t\t\t\t\t\t\t\t<p>La palpation, c&rsquo;est-\u00e0-dire l&rsquo;acte d&rsquo;analyser les tissus en utilisant le sens du toucher, est l&rsquo;anc\u00eatre de l&rsquo;\u00e9lastographie \/ \u00e9lastom\u00e9trie et est bien connue depuis les premiers temps de l&rsquo;humanit\u00e9. L&rsquo;\u00e9lastographie, litt\u00e9ralement les techniques d&rsquo;imagerie de l&rsquo;\u00e9lasticit\u00e9, rassemble des m\u00e9thodes d&rsquo;imagerie non invasives bas\u00e9es sur la visualisation de la r\u00e9ponse m\u00e9canique d&rsquo;un tissu \u00e0 une force vibratoire ou impulsionnelle. Bien que le terme ait \u00e9t\u00e9 introduit par J. Ophir depuis 1991 (Ophir et al. 1991), l&rsquo;\u00e9lastographie a \u00e9merg\u00e9 \u00e0 la fin des ann\u00e9es 80 avec la technique de sono-\u00e9lasticit\u00e9<br>(Lerner, Huang, et Parker 1990). <\/p>\t\t\t\t\t\t\t\t<\/div>\n\t\t\t\t<\/div>\n\t\t<div class=\"elementor-element elementor-element-83b191c e-con-full e-flex e-con e-child\" data-id=\"83b191c\" data-element_type=\"container\" data-e-type=\"container\">\n\t\t<div class=\"elementor-element elementor-element-ac622c7 e-con-full e-flex e-con e-child\" data-id=\"ac622c7\" data-element_type=\"container\" data-e-type=\"container\">\n\t\t\t\t<div class=\"elementor-element elementor-element-6ee798f elementor-widget elementor-widget-text-editor\" data-id=\"6ee798f\" data-element_type=\"widget\" data-e-type=\"widget\" data-widget_type=\"text-editor.default\">\n\t\t\t\t\t\t\t\t\t<p>La palpation, c&rsquo;est-\u00e0-dire l&rsquo;acte d&rsquo;analyser les tissus en utilisant le sens du toucher, est l&rsquo;anc\u00eatre de l&rsquo;\u00e9lastographie \/ \u00e9lastom\u00e9trie et est bien connue depuis les premiers temps de l&rsquo;humanit\u00e9. L&rsquo;\u00e9lastographie, litt\u00e9ralement les techniques d&rsquo;imagerie de l&rsquo;\u00e9lasticit\u00e9, rassemble des m\u00e9thodes d&rsquo;imagerie non invasives bas\u00e9es sur la visualisation de la r\u00e9ponse m\u00e9canique d&rsquo;un tissu \u00e0 une force vibratoire ou impulsionnelle. Bien que le terme ait \u00e9t\u00e9 introduit par J. Ophir depuis 1991 (Ophir et al. 1991), l&rsquo;\u00e9lastographie a \u00e9merg\u00e9 \u00e0 la fin des ann\u00e9es 80 avec la technique de sono-\u00e9lasticit\u00e9<br>(Lerner, Huang, et Parker 1990). <\/p>\t\t\t\t\t\t\t\t<\/div>\n\t\t\t\t<\/div>\n\t\t<div class=\"elementor-element elementor-element-e6dd54d e-con-full e-flex e-con e-child\" data-id=\"e6dd54d\" data-element_type=\"container\" data-e-type=\"container\">\n\t\t\t\t<div class=\"elementor-element elementor-element-ca4b2c1 elementor-widget elementor-widget-image\" data-id=\"ca4b2c1\" data-element_type=\"widget\" data-e-type=\"widget\" data-widget_type=\"image.default\">\n\t\t\t\t\t\t\t\t\t\t\t\t\t\t\t<img decoding=\"async\" src=\"https:\/\/hepatoscope.com\/wp-content\/plugins\/elementor\/assets\/images\/placeholder.png\" title=\"\" alt=\"\" loading=\"lazy\" \/>\t\t\t\t\t\t\t\t\t\t\t\t\t\t\t<\/div>\n\t\t\t\t<\/div>\n\t\t\t\t<\/div>\n\t\t<div class=\"elementor-element elementor-element-f0b4291 e-con-full e-flex e-con e-child\" data-id=\"f0b4291\" data-element_type=\"container\" data-e-type=\"container\">\n\t\t<div class=\"elementor-element elementor-element-841b011 e-con-full e-flex e-con e-child\" data-id=\"841b011\" data-element_type=\"container\" data-e-type=\"container\">\n\t\t\t\t<div class=\"elementor-element elementor-element-b4026d8 elementor-widget elementor-widget-text-editor\" data-id=\"b4026d8\" data-element_type=\"widget\" data-e-type=\"widget\" data-widget_type=\"text-editor.default\">\n\t\t\t\t\t\t\t\t\t<p>Plus tard dans les ann\u00e9es 90, Muthupillai et al. ont introduit le concept d&rsquo;\u00e9lastographie bas\u00e9e sur la r\u00e9sonance magn\u00e9tique (MRE) (Muthupillai et al. 1995) dans laquelle l&rsquo;imagerie par r\u00e9sonance magn\u00e9tique (IRM) remplace l&rsquo;\u00e9chographie pour la d\u00e9tection des motifs modaux induits par la propagation des ondes de cisaillement, conduisant \u00e0 une r\u00e9solution am\u00e9lior\u00e9e et une sensibilit\u00e9 plus \u00e9lev\u00e9e.<\/p>\t\t\t\t\t\t\t\t<\/div>\n\t\t\t\t<\/div>\n\t\t<div class=\"elementor-element elementor-element-e6c7fda e-con-full e-flex e-con e-child\" data-id=\"e6c7fda\" data-element_type=\"container\" data-e-type=\"container\">\n\t\t\t\t<div class=\"elementor-element elementor-element-b4052dc elementor-widget elementor-widget-image\" data-id=\"b4052dc\" data-element_type=\"widget\" data-e-type=\"widget\" data-widget_type=\"image.default\">\n\t\t\t\t\t\t\t\t\t\t\t\t\t\t\t<img decoding=\"async\" src=\"https:\/\/hepatoscope.com\/wp-content\/plugins\/elementor\/assets\/images\/placeholder.png\" title=\"\" alt=\"\" loading=\"lazy\" \/>\t\t\t\t\t\t\t\t\t\t\t\t\t\t\t<\/div>\n\t\t\t\t<\/div>\n\t\t\t\t<\/div>\n\t\t<div class=\"elementor-element elementor-element-ee6d6e3 e-con-full e-flex e-con e-child\" data-id=\"ee6d6e3\" data-element_type=\"container\" data-e-type=\"container\">\n\t\t<div class=\"elementor-element elementor-element-ce167ac e-con-full e-flex e-con e-child\" data-id=\"ce167ac\" data-element_type=\"container\" data-e-type=\"container\">\n\t\t\t\t<div class=\"elementor-element elementor-element-b9358f3 elementor-widget elementor-widget-text-editor\" data-id=\"b9358f3\" data-element_type=\"widget\" data-e-type=\"widget\" data-widget_type=\"text-editor.default\">\n\t\t\t\t\t\t\t\t\t<p>Le concept fondamental des m\u00e9thodes d&rsquo;\u00e9lastographie transitoire, qui ont \u00e9merg\u00e9 \u00e0 la fin des ann\u00e9es 90, r\u00e9side dans l&rsquo;utilisation d&rsquo;excitations longitudinales courtes pour la g\u00e9n\u00e9ration d&rsquo;ondes de cisaillement. Ainsi, la vitesse des ondes de cisaillement est d\u00e9duite en suivant la propagation du front d&rsquo;onde de cisaillement au fil du temps. Bien que remarquablement simples, les m\u00e9thodes transitoires souffrent d&rsquo;effets de diffraction conduisant \u00e0 des surestimations de la vitesse des ondes de cisaillement comme l&rsquo;atteste la litt\u00e9rature (Yin et al. 2008). <\/p>\t\t\t\t\t\t\t\t<\/div>\n\t\t\t\t<\/div>\n\t\t<div class=\"elementor-element elementor-element-10dcaec e-con-full e-flex e-con e-child\" data-id=\"10dcaec\" data-element_type=\"container\" data-e-type=\"container\">\n\t\t\t\t<div class=\"elementor-element elementor-element-de7108e elementor-widget elementor-widget-image\" data-id=\"de7108e\" data-element_type=\"widget\" data-e-type=\"widget\" data-widget_type=\"image.default\">\n\t\t\t\t\t\t\t\t\t\t\t\t\t\t\t<img decoding=\"async\" src=\"https:\/\/hepatoscope.com\/wp-content\/plugins\/elementor\/assets\/images\/placeholder.png\" title=\"\" alt=\"\" loading=\"lazy\" \/>\t\t\t\t\t\t\t\t\t\t\t\t\t\t\t<\/div>\n\t\t\t\t<\/div>\n\t\t\t\t<\/div>\n\t\t<div class=\"elementor-element elementor-element-e8ea8f2 e-con-full e-flex e-con e-child\" data-id=\"e8ea8f2\" data-element_type=\"container\" data-e-type=\"container\">\n\t\t\t\t<div class=\"elementor-element elementor-element-5a01a54 elementor-widget elementor-widget-text-editor\" data-id=\"5a01a54\" data-element_type=\"widget\" data-e-type=\"widget\" data-widget_type=\"text-editor.default\">\n\t\t\t\t\t\t\t\t\t<p>En 2004, la technique d&rsquo;imagerie de cisaillement supersonique (SSI) a \u00e9t\u00e9 introduite par Bercoff et al. (Bercoff, Tanter, et Fink 2004) bas\u00e9e sur des travaux ant\u00e9rieurs sur l&rsquo;\u00e9lastographie bas\u00e9e sur la force de radiation acoustique (Nightingale et al. 2001). Dans la technique SSI, la propagation des ondes de cisaillement est induite par de puissants faisceaux de pouss\u00e9e ultrasonores. Cela a n\u00e9cessit\u00e9 le d\u00e9veloppement de l&rsquo;imagerie \u00e9chographique ultrarapide pour suivre les ondes de cisaillement en temps r\u00e9el, permettant une imagerie \u00e9lastographique haute r\u00e9solution, avec plusieurs niveaux de rigidit\u00e9 tissulaire \u00e9valu\u00e9s et affich\u00e9s simultan\u00e9ment. Bien que la SSI soit une technique d&rsquo;\u00e9lastographie puissante et innovante, elle pr\u00e9sente certains inconv\u00e9nients et limitations tels qu&rsquo;une p\u00e9n\u00e9tration limit\u00e9e, une sensibilit\u00e9 au mouvement et un co\u00fbt \u00e9lev\u00e9 car elle n\u00e9cessite une \u00e9lectronique suppl\u00e9mentaire sp\u00e9cifique pour la g\u00e9n\u00e9ration de pouss\u00e9e. <\/p>\t\t\t\t\t\t\t\t<\/div>\n\t\t\t\t<div class=\"elementor-element elementor-element-6021a9b elementor-widget elementor-widget-image\" data-id=\"6021a9b\" data-element_type=\"widget\" data-e-type=\"widget\" data-widget_type=\"image.default\">\n\t\t\t\t\t\t\t\t\t\t\t\t\t\t\t<img decoding=\"async\" width=\"800\" height=\"408\" src=\"https:\/\/hepatoscope.com\/wp-content\/uploads\/2025\/11\/0c2b2fac51359e2d686ab0b7f61a49d59fc653fb-1024x522.png\" class=\"attachment-large size-large wp-image-2272\" alt=\"\" srcset=\"https:\/\/hepatoscope.com\/wp-content\/uploads\/2025\/11\/0c2b2fac51359e2d686ab0b7f61a49d59fc653fb-1024x522.png 1024w, https:\/\/hepatoscope.com\/wp-content\/uploads\/2025\/11\/0c2b2fac51359e2d686ab0b7f61a49d59fc653fb-300x153.png 300w, https:\/\/hepatoscope.com\/wp-content\/uploads\/2025\/11\/0c2b2fac51359e2d686ab0b7f61a49d59fc653fb-768x391.png 768w, https:\/\/hepatoscope.com\/wp-content\/uploads\/2025\/11\/0c2b2fac51359e2d686ab0b7f61a49d59fc653fb.png 1201w\" sizes=\"(max-width: 800px) 100vw, 800px\" \/>\t\t\t\t\t\t\t\t\t\t\t\t\t\t\t<\/div>\n\t\t\t\t<\/div>\n\t\t\t\t<\/div>\n\t\t\t\t\t<\/div>\n\t\t\t\t<\/div>\n\t\t<div class=\"elementor-element elementor-element-c48f333 e-flex e-con-boxed e-con e-parent\" data-id=\"c48f333\" data-element_type=\"container\" data-e-type=\"container\">\n\t\t\t\t\t<div class=\"e-con-inner\">\n\t\t<div class=\"elementor-element elementor-element-5268256 e-con-full e-flex e-con e-child\" data-id=\"5268256\" data-element_type=\"container\" data-e-type=\"container\">\n\t\t\t\t<div class=\"elementor-element elementor-element-9808e37 elementor-widget elementor-widget-text-editor\" data-id=\"9808e37\" data-element_type=\"widget\" data-e-type=\"widget\" data-widget_type=\"text-editor.default\">\n\t\t\t\t\t\t\t\t\t<p>C&rsquo;est pourquoi Hepatoscope 2DTE a \u00e9t\u00e9 d\u00e9velopp\u00e9. Il s&rsquo;appuie sur <b>\u00e0 la fois <br>l&rsquo;\u00e9lastographie transitoire pour la g\u00e9n\u00e9ration d&rsquo;ondes de cisaillement avec l&rsquo;imagerie ultrarapide pour suivre la propagation des ondes de cisaillement.<\/b> Une onde de cisaillement est g\u00e9n\u00e9r\u00e9e avec une masse vibrante externe centr\u00e9e \u00e0 50 Hz, comme pour d&rsquo;autres formes d&rsquo;\u00e9lastographie transitoire (VCTE, ViTE\u2026).<\/p>\t\t\t\t\t\t\t\t<\/div>\n\t\t\t\t<div class=\"elementor-element elementor-element-295920e elementor-widget elementor-widget-image\" data-id=\"295920e\" data-element_type=\"widget\" data-e-type=\"widget\" data-widget_type=\"image.default\">\n\t\t\t\t\t\t\t\t\t\t\t\t\t\t\t<img decoding=\"async\" width=\"800\" height=\"526\" src=\"https:\/\/hepatoscope.com\/wp-content\/uploads\/2025\/11\/4eb705c9e1db75c725a921dc7d1e8d13c61a3534-1024x673.png\" class=\"attachment-large size-large wp-image-2273\" alt=\"\" srcset=\"https:\/\/hepatoscope.com\/wp-content\/uploads\/2025\/11\/4eb705c9e1db75c725a921dc7d1e8d13c61a3534-1024x673.png 1024w, https:\/\/hepatoscope.com\/wp-content\/uploads\/2025\/11\/4eb705c9e1db75c725a921dc7d1e8d13c61a3534-300x197.png 300w, https:\/\/hepatoscope.com\/wp-content\/uploads\/2025\/11\/4eb705c9e1db75c725a921dc7d1e8d13c61a3534-768x505.png 768w, https:\/\/hepatoscope.com\/wp-content\/uploads\/2025\/11\/4eb705c9e1db75c725a921dc7d1e8d13c61a3534.png 1226w\" sizes=\"(max-width: 800px) 100vw, 800px\" \/>\t\t\t\t\t\t\t\t\t\t\t\t\t\t\t<\/div>\n\t\t\t\t<div class=\"elementor-element elementor-element-527c004 elementor-widget__width-initial elementor-widget elementor-widget-text-editor\" data-id=\"527c004\" data-element_type=\"widget\" data-e-type=\"widget\" data-widget_type=\"text-editor.default\">\n\t\t\t\t\t\t\t\t\t<p>Inspir\u00e9 par la technique SSI, <strong>Hepatoscope suit en deux dimensions les d\u00e9placements tissulaires induits par les ondes de cisaillement le long de leur direction de propagation.<\/strong> <br>Cela \u00e9vite les biais de r\u00e9fraction et permet l&rsquo;affichage de l&rsquo;imagerie de rigidit\u00e9 h\u00e9patique et conduit \u00e0 une estimation robuste de la rigidit\u00e9 car une grande partie du foie est \u00e9chantillonn\u00e9e. <\/p>\t\t\t\t\t\t\t\t<\/div>\n\t\t\t\t<\/div>\n\t\t\t\t\t<\/div>\n\t\t\t\t<\/div>\n\t\t<div class=\"elementor-element elementor-element-8dd3e19 e-flex e-con-boxed e-con e-parent\" data-id=\"8dd3e19\" data-element_type=\"container\" data-e-type=\"container\" data-settings=\"{&quot;background_background&quot;:&quot;gradient&quot;}\">\n\t\t\t\t\t<div class=\"e-con-inner\">\n\t\t<div class=\"elementor-element elementor-element-066546a e-con-full e-flex e-con e-child\" data-id=\"066546a\" data-element_type=\"container\" data-e-type=\"container\">\n\t\t\t\t<div class=\"elementor-element elementor-element-073dfaf elementor-widget elementor-widget-video\" data-id=\"073dfaf\" data-element_type=\"widget\" data-e-type=\"widget\" data-settings=\"{&quot;youtube_url&quot;:&quot;https:\\\/\\\/www.youtube.com\\\/watch?v=XHOmBV4js_E&quot;,&quot;video_type&quot;:&quot;youtube&quot;,&quot;controls&quot;:&quot;yes&quot;}\" data-widget_type=\"video.default\">\n\t\t\t\t\t\t\t<div class=\"elementor-wrapper elementor-open-inline\">\n\t\t\t<div class=\"elementor-video\"><\/div>\t\t<\/div>\n\t\t\t\t\t\t<\/div>\n\t\t\t\t<\/div>\n\t\t\t\t\t<\/div>\n\t\t\t\t<\/div>\n\t\t\t\t<\/div>\n\t\t","protected":false},"excerpt":{"rendered":"<p>2DTE Quand l&rsquo;imagerie ultrarapide rencontre l&rsquo;\u00e9lastographie transitoire Hepatoscope 2DTE (\u00e9lastographie transitoire bidimensionnelle) est une technologie d&rsquo;\u00e9chographie r\u00e9volutionnaire pour la mesure de la rigidit\u00e9 h\u00e9patique (LSM), int\u00e9grant \u00e0 la fois l&rsquo;\u00e9lastographie transitoire (Catheline, Wu, et Fink 1999) et l&rsquo;\u00e9chographie ultrarapide (Tanter et Fink 2014), mise en \u0153uvre dans un format ultra-portable. Il s&rsquo;agit du r\u00e9sultat fructueux [&hellip;]<\/p>\n","protected":false},"author":1,"featured_media":2062,"parent":0,"menu_order":0,"comment_status":"closed","ping_status":"closed","template":"","meta":{"_acf_changed":false,"content-type":"","footnotes":""},"class_list":["post-2270","page","type-page","status-publish","has-post-thumbnail","hentry"],"acf":[],"_links":{"self":[{"href":"https:\/\/hepatoscope.com\/fr\/wp-json\/wp\/v2\/pages\/2270","targetHints":{"allow":["GET"]}}],"collection":[{"href":"https:\/\/hepatoscope.com\/fr\/wp-json\/wp\/v2\/pages"}],"about":[{"href":"https:\/\/hepatoscope.com\/fr\/wp-json\/wp\/v2\/types\/page"}],"author":[{"embeddable":true,"href":"https:\/\/hepatoscope.com\/fr\/wp-json\/wp\/v2\/users\/1"}],"replies":[{"embeddable":true,"href":"https:\/\/hepatoscope.com\/fr\/wp-json\/wp\/v2\/comments?post=2270"}],"version-history":[{"count":1,"href":"https:\/\/hepatoscope.com\/fr\/wp-json\/wp\/v2\/pages\/2270\/revisions"}],"predecessor-version":[{"id":2274,"href":"https:\/\/hepatoscope.com\/fr\/wp-json\/wp\/v2\/pages\/2270\/revisions\/2274"}],"wp:featuredmedia":[{"embeddable":true,"href":"https:\/\/hepatoscope.com\/fr\/wp-json\/wp\/v2\/media\/2062"}],"wp:attachment":[{"href":"https:\/\/hepatoscope.com\/fr\/wp-json\/wp\/v2\/media?parent=2270"}],"curies":[{"name":"wp","href":"https:\/\/api.w.org\/{rel}","templated":true}]}}