{"id":2264,"date":"2025-11-27T20:18:50","date_gmt":"2025-11-27T19:18:50","guid":{"rendered":"https:\/\/gabriel.rigodolo.com\/2dte\/"},"modified":"2025-11-29T05:55:23","modified_gmt":"2025-11-29T04:55:23","slug":"2dte","status":"publish","type":"page","link":"https:\/\/hepatoscope.com\/it\/2dte\/","title":{"rendered":"2DTE"},"content":{"rendered":"\t\t<div data-elementor-type=\"wp-page\" data-elementor-id=\"2264\" class=\"elementor elementor-2264 elementor-1452\" data-elementor-post-type=\"page\">\n\t\t\t\t<div class=\"elementor-element elementor-element-0836ebb e-flex e-con-boxed e-con e-parent\" data-id=\"0836ebb\" data-element_type=\"container\" data-e-type=\"container\">\n\t\t\t\t\t<div class=\"e-con-inner\">\n\t\t<div class=\"elementor-element elementor-element-5dabd2a e-con-full e-flex e-con e-child\" data-id=\"5dabd2a\" data-element_type=\"container\" data-e-type=\"container\">\n\t\t\t\t<div class=\"elementor-element elementor-element-ac51a1f elementor-widget elementor-widget-heading\" data-id=\"ac51a1f\" data-element_type=\"widget\" data-e-type=\"widget\" data-widget_type=\"heading.default\">\n\t\t\t\t\t<h1 class=\"elementor-heading-title elementor-size-default\">2DTE<\/h1>\t\t\t\t<\/div>\n\t\t\t\t<div class=\"elementor-element elementor-element-7d31c1d elementor-widget elementor-widget-heading\" data-id=\"7d31c1d\" data-element_type=\"widget\" data-e-type=\"widget\" data-widget_type=\"heading.default\">\n\t\t\t\t\t<h2 class=\"elementor-heading-title elementor-size-default\">Quando l'imaging ultraveloce incontra l'elastografia transitoria<\/h2>\t\t\t\t<\/div>\n\t\t<div class=\"elementor-element elementor-element-6028496 e-con-full e-flex e-con e-child\" data-id=\"6028496\" data-element_type=\"container\" data-e-type=\"container\">\n\t\t<div class=\"elementor-element elementor-element-6d1435a e-con-full e-flex e-con e-child\" data-id=\"6d1435a\" data-element_type=\"container\" data-e-type=\"container\">\n\t\t\t\t<div class=\"elementor-element elementor-element-44bfed8 elementor-widget elementor-widget-text-editor\" data-id=\"44bfed8\" data-element_type=\"widget\" data-e-type=\"widget\" data-widget_type=\"text-editor.default\">\n\t\t\t\t\t\t\t\t\t<p>Hepatoscope 2DTE (elastografia transitoria bidimensionale) \u00e8 una tecnologia ecografica rivoluzionaria per la misurazione della rigidit\u00e0 epatica (LSM), che integra sia l&#8217;elastografia transitoria (Catheline, Wu e Fink 1999) sia l&#8217;ecografia ultraveloce (Tanter e Fink 2014), implementata in un formato ultraportatile. \u00c8 il risultato di anni di sviluppo e integra pi\u00f9 di dieci brevetti. Alimentato solo tramite la porta USB-C di un computer, Hepatoscope ha risolto molte sfide tecniche, tra cui l&#8217;efficienza energetica, la riduzione della velocit\u00e0 dei dati e la portabilit\u00e0.  <\/p>\t\t\t\t\t\t\t\t<\/div>\n\t\t\t\t<\/div>\n\t\t<div class=\"elementor-element elementor-element-1043951 e-con-full e-flex e-con e-child\" data-id=\"1043951\" data-element_type=\"container\" data-e-type=\"container\">\n\t\t\t\t<div class=\"elementor-element elementor-element-3f2bada elementor-widget elementor-widget-image\" data-id=\"3f2bada\" data-element_type=\"widget\" data-e-type=\"widget\" data-widget_type=\"image.default\">\n\t\t\t\t\t\t\t\t\t\t\t\t\t\t\t<img fetchpriority=\"high\" decoding=\"async\" width=\"800\" height=\"507\" src=\"https:\/\/hepatoscope.com\/wp-content\/uploads\/2025\/11\/a3f9c73662fd191f230b337bd5311e1bc1a82f94-1-1024x649.png\" class=\"attachment-large size-large wp-image-2265\" alt=\"\" srcset=\"https:\/\/hepatoscope.com\/wp-content\/uploads\/2025\/11\/a3f9c73662fd191f230b337bd5311e1bc1a82f94-1-1024x649.png 1024w, https:\/\/hepatoscope.com\/wp-content\/uploads\/2025\/11\/a3f9c73662fd191f230b337bd5311e1bc1a82f94-1-300x190.png 300w, https:\/\/hepatoscope.com\/wp-content\/uploads\/2025\/11\/a3f9c73662fd191f230b337bd5311e1bc1a82f94-1-768x486.png 768w, https:\/\/hepatoscope.com\/wp-content\/uploads\/2025\/11\/a3f9c73662fd191f230b337bd5311e1bc1a82f94-1-1536x973.png 1536w, https:\/\/hepatoscope.com\/wp-content\/uploads\/2025\/11\/a3f9c73662fd191f230b337bd5311e1bc1a82f94-1-2048x1297.png 2048w\" sizes=\"(max-width: 800px) 100vw, 800px\" \/>\t\t\t\t\t\t\t\t\t\t\t\t\t\t\t<\/div>\n\t\t\t\t<\/div>\n\t\t\t\t<\/div>\n\t\t\t\t<\/div>\n\t\t\t\t\t<\/div>\n\t\t\t\t<\/div>\n\t\t<div class=\"elementor-element elementor-element-77380be e-flex e-con-boxed e-con e-parent\" data-id=\"77380be\" data-element_type=\"container\" data-e-type=\"container\">\n\t\t\t\t\t<div class=\"e-con-inner\">\n\t\t<div class=\"elementor-element elementor-element-ccc603e e-con-full e-flex e-con e-child\" data-id=\"ccc603e\" data-element_type=\"container\" data-e-type=\"container\" data-settings=\"{&quot;background_background&quot;:&quot;classic&quot;}\">\n\t\t<div class=\"elementor-element elementor-element-0036bac e-con-full e-flex e-con e-child\" data-id=\"0036bac\" data-element_type=\"container\" data-e-type=\"container\">\n\t\t\t\t<div class=\"elementor-element elementor-element-e670924 elementor-widget elementor-widget-heading\" data-id=\"e670924\" data-element_type=\"widget\" data-e-type=\"widget\" data-widget_type=\"heading.default\">\n\t\t\t\t\t<h2 class=\"elementor-heading-title elementor-size-default\">Breve storia dell'elastografia<\/h2>\t\t\t\t<\/div>\n\t\t\t\t<div class=\"elementor-element elementor-element-4ae8b25 elementor-widget elementor-widget-text-editor\" data-id=\"4ae8b25\" data-element_type=\"widget\" data-e-type=\"widget\" data-widget_type=\"text-editor.default\">\n\t\t\t\t\t\t\t\t\t<p>La palpazione, ovvero l&#8217;atto di analizzare i tessuti usando il senso del tatto, \u00e8 l&#8217;antenato dell&#8217;elastografia\/elastometria ed \u00e8 nota fin dai primi tempi dell&#8217;umanit\u00e0. L&#8217;elastografia, letteralmente tecniche di imaging dell&#8217;elasticit\u00e0, raccoglie metodi di imaging non invasivi basati sulla visualizzazione della risposta meccanica di un tessuto a una forza vibratoria o impulsiva. Sebbene il termine sia stato introdotto da J. Ophir nel 1991 (Ophir et al. 1991), l&#8217;elastografia \u00e8 emersa alla fine degli anni &#8217;80 con la tecnica della sono-elasticit\u00e0<br>(Lerner, Huang e Parker 1990).   <\/p>\t\t\t\t\t\t\t\t<\/div>\n\t\t\t\t<\/div>\n\t\t<div class=\"elementor-element elementor-element-83b191c e-con-full e-flex e-con e-child\" data-id=\"83b191c\" data-element_type=\"container\" data-e-type=\"container\">\n\t\t<div class=\"elementor-element elementor-element-ac622c7 e-con-full e-flex e-con e-child\" data-id=\"ac622c7\" data-element_type=\"container\" data-e-type=\"container\">\n\t\t\t\t<div class=\"elementor-element elementor-element-6ee798f elementor-widget elementor-widget-text-editor\" data-id=\"6ee798f\" data-element_type=\"widget\" data-e-type=\"widget\" data-widget_type=\"text-editor.default\">\n\t\t\t\t\t\t\t\t\t<p>La palpazione, ovvero l&#8217;atto di analizzare i tessuti usando il senso del tatto, \u00e8 l&#8217;antenato dell&#8217;elastografia\/elastometria ed \u00e8 nota fin dai primi tempi dell&#8217;umanit\u00e0. L&#8217;elastografia, letteralmente tecniche di imaging dell&#8217;elasticit\u00e0, raccoglie metodi di imaging non invasivi basati sulla visualizzazione della risposta meccanica di un tessuto a una forza vibratoria o impulsiva. Sebbene il termine sia stato introdotto da J. Ophir nel 1991 (Ophir et al. 1991), l&#8217;elastografia \u00e8 emersa alla fine degli anni &#8217;80 con la tecnica della sono-elasticit\u00e0<br>(Lerner, Huang e Parker 1990).   <\/p>\t\t\t\t\t\t\t\t<\/div>\n\t\t\t\t<\/div>\n\t\t<div class=\"elementor-element elementor-element-e6dd54d e-con-full e-flex e-con e-child\" data-id=\"e6dd54d\" data-element_type=\"container\" data-e-type=\"container\">\n\t\t\t\t<div class=\"elementor-element elementor-element-ca4b2c1 elementor-widget elementor-widget-image\" data-id=\"ca4b2c1\" data-element_type=\"widget\" data-e-type=\"widget\" data-widget_type=\"image.default\">\n\t\t\t\t\t\t\t\t\t\t\t\t\t\t\t<img decoding=\"async\" src=\"https:\/\/hepatoscope.com\/wp-content\/plugins\/elementor\/assets\/images\/placeholder.png\" title=\"\" alt=\"\" loading=\"lazy\" \/>\t\t\t\t\t\t\t\t\t\t\t\t\t\t\t<\/div>\n\t\t\t\t<\/div>\n\t\t\t\t<\/div>\n\t\t<div class=\"elementor-element elementor-element-f0b4291 e-con-full e-flex e-con e-child\" data-id=\"f0b4291\" data-element_type=\"container\" data-e-type=\"container\">\n\t\t<div class=\"elementor-element elementor-element-841b011 e-con-full e-flex e-con e-child\" data-id=\"841b011\" data-element_type=\"container\" data-e-type=\"container\">\n\t\t\t\t<div class=\"elementor-element elementor-element-b4026d8 elementor-widget elementor-widget-text-editor\" data-id=\"b4026d8\" data-element_type=\"widget\" data-e-type=\"widget\" data-widget_type=\"text-editor.default\">\n\t\t\t\t\t\t\t\t\t<p>Pi\u00f9 tardi, negli anni &#8217;90, Muthupillai et al. ha introdotto il concetto di elastografia basata sulla risonanza magnetica (MRE) (Muthupillai et al. 1995) in cui l&#8217;imaging a risonanza magnetica (MRI) sostituisce l&#8217;ecografia per il rilevamento di modelli modali indotti dalla propagazione dell&#8217;onda di taglio, portando a una migliore risoluzione e una maggiore sensibilit\u00e0.<\/p>\t\t\t\t\t\t\t\t<\/div>\n\t\t\t\t<\/div>\n\t\t<div class=\"elementor-element elementor-element-e6c7fda e-con-full e-flex e-con e-child\" data-id=\"e6c7fda\" data-element_type=\"container\" data-e-type=\"container\">\n\t\t\t\t<div class=\"elementor-element elementor-element-b4052dc elementor-widget elementor-widget-image\" data-id=\"b4052dc\" data-element_type=\"widget\" data-e-type=\"widget\" data-widget_type=\"image.default\">\n\t\t\t\t\t\t\t\t\t\t\t\t\t\t\t<img decoding=\"async\" src=\"https:\/\/hepatoscope.com\/wp-content\/plugins\/elementor\/assets\/images\/placeholder.png\" title=\"\" alt=\"\" loading=\"lazy\" \/>\t\t\t\t\t\t\t\t\t\t\t\t\t\t\t<\/div>\n\t\t\t\t<\/div>\n\t\t\t\t<\/div>\n\t\t<div class=\"elementor-element elementor-element-ee6d6e3 e-con-full e-flex e-con e-child\" data-id=\"ee6d6e3\" data-element_type=\"container\" data-e-type=\"container\">\n\t\t<div class=\"elementor-element elementor-element-ce167ac e-con-full e-flex e-con e-child\" data-id=\"ce167ac\" data-element_type=\"container\" data-e-type=\"container\">\n\t\t\t\t<div class=\"elementor-element elementor-element-b9358f3 elementor-widget elementor-widget-text-editor\" data-id=\"b9358f3\" data-element_type=\"widget\" data-e-type=\"widget\" data-widget_type=\"text-editor.default\">\n\t\t\t\t\t\t\t\t\t<p>Il concetto fondamentale dei metodi di elastografia transitoria, emersi alla fine degli anni &#8217;90, risiede nell&#8217;uso di brevi eccitazioni longitudinali per la generazione dell&#8217;onda di taglio. Quindi, la velocit\u00e0 dell&#8217;onda di taglio viene dedotta tracciando la propagazione del fronte d&#8217;onda di taglio nel tempo. Sebbene straordinariamente semplici, i metodi transitori soffrono di effetti di diffrazione che portano a sovrastime della velocit\u00e0 dell&#8217;onda di taglio, come evidenziato in letteratura (Yin et al. 2008).   <\/p>\t\t\t\t\t\t\t\t<\/div>\n\t\t\t\t<\/div>\n\t\t<div class=\"elementor-element elementor-element-10dcaec e-con-full e-flex e-con e-child\" data-id=\"10dcaec\" data-element_type=\"container\" data-e-type=\"container\">\n\t\t\t\t<div class=\"elementor-element elementor-element-de7108e elementor-widget elementor-widget-image\" data-id=\"de7108e\" data-element_type=\"widget\" data-e-type=\"widget\" data-widget_type=\"image.default\">\n\t\t\t\t\t\t\t\t\t\t\t\t\t\t\t<img decoding=\"async\" src=\"https:\/\/hepatoscope.com\/wp-content\/plugins\/elementor\/assets\/images\/placeholder.png\" title=\"\" alt=\"\" loading=\"lazy\" \/>\t\t\t\t\t\t\t\t\t\t\t\t\t\t\t<\/div>\n\t\t\t\t<\/div>\n\t\t\t\t<\/div>\n\t\t<div class=\"elementor-element elementor-element-e8ea8f2 e-con-full e-flex e-con e-child\" data-id=\"e8ea8f2\" data-element_type=\"container\" data-e-type=\"container\">\n\t\t\t\t<div class=\"elementor-element elementor-element-5a01a54 elementor-widget elementor-widget-text-editor\" data-id=\"5a01a54\" data-element_type=\"widget\" data-e-type=\"widget\" data-widget_type=\"text-editor.default\">\n\t\t\t\t\t\t\t\t\t<p>Nel 2004, la tecnica di imaging a onde di taglio supersoniche (SSI) \u00e8 stata introdotta da Bercoff et al. (Bercoff, Tanter e Fink 2004) basata su precedenti lavori sull&#8217;elastografia basata sulla forza di radiazione acustica (Nightingale et al. 2001). Nella tecnica SSI, la propagazione dell&#8217;onda di taglio \u00e8 indotta da forti fasci di spinta a ultrasuoni. Ha richiesto lo sviluppo di imaging ecografico ultraveloce per tracciare le onde di taglio in tempo reale, consentendo l&#8217;imaging elastografico ad alta risoluzione, con pi\u00f9 livelli di rigidit\u00e0 tissutale valutati e visualizzati simultaneamente. Sebbene SSI sia una tecnica di elastografia potente e innovativa, presenta alcune avvertenze e limitazioni come penetrazione limitata, sensibilit\u00e0 al movimento e costo poich\u00e9 richiede elettronica extra specifica per la generazione della spinta.    <\/p>\t\t\t\t\t\t\t\t<\/div>\n\t\t\t\t<div class=\"elementor-element elementor-element-6021a9b elementor-widget elementor-widget-image\" data-id=\"6021a9b\" data-element_type=\"widget\" data-e-type=\"widget\" data-widget_type=\"image.default\">\n\t\t\t\t\t\t\t\t\t\t\t\t\t\t\t<img decoding=\"async\" width=\"800\" height=\"408\" src=\"https:\/\/hepatoscope.com\/wp-content\/uploads\/2025\/11\/0c2b2fac51359e2d686ab0b7f61a49d59fc653fb-1024x522.png\" class=\"attachment-large size-large wp-image-2266\" alt=\"\" srcset=\"https:\/\/hepatoscope.com\/wp-content\/uploads\/2025\/11\/0c2b2fac51359e2d686ab0b7f61a49d59fc653fb-1024x522.png 1024w, https:\/\/hepatoscope.com\/wp-content\/uploads\/2025\/11\/0c2b2fac51359e2d686ab0b7f61a49d59fc653fb-300x153.png 300w, https:\/\/hepatoscope.com\/wp-content\/uploads\/2025\/11\/0c2b2fac51359e2d686ab0b7f61a49d59fc653fb-768x391.png 768w, https:\/\/hepatoscope.com\/wp-content\/uploads\/2025\/11\/0c2b2fac51359e2d686ab0b7f61a49d59fc653fb.png 1201w\" sizes=\"(max-width: 800px) 100vw, 800px\" \/>\t\t\t\t\t\t\t\t\t\t\t\t\t\t\t<\/div>\n\t\t\t\t<\/div>\n\t\t\t\t<\/div>\n\t\t\t\t\t<\/div>\n\t\t\t\t<\/div>\n\t\t<div class=\"elementor-element elementor-element-c48f333 e-flex e-con-boxed e-con e-parent\" data-id=\"c48f333\" data-element_type=\"container\" data-e-type=\"container\">\n\t\t\t\t\t<div class=\"e-con-inner\">\n\t\t<div class=\"elementor-element elementor-element-5268256 e-con-full e-flex e-con e-child\" data-id=\"5268256\" data-element_type=\"container\" data-e-type=\"container\">\n\t\t\t\t<div class=\"elementor-element elementor-element-9808e37 elementor-widget elementor-widget-text-editor\" data-id=\"9808e37\" data-element_type=\"widget\" data-e-type=\"widget\" data-widget_type=\"text-editor.default\">\n\t\t\t\t\t\t\t\t\t<p>Questo \u00e8 il motivo per cui Hepatoscope 2DTE \u00e8 stato sviluppato. Si erge sulle spalle <b>sia dell&#8217;elastografia transitoria per la generazione di onde di taglio <br>sia dell&#8217;imaging ultraveloce per tracciare la propagazione delle onde di taglio.<\/b> Un&#8217;onda di taglio viene generata con una massa vibrante esterna centrata a 50Hz, come per altre forme di elastografia transitoria (VCTE, ViTE&#8230;). <\/p>\t\t\t\t\t\t\t\t<\/div>\n\t\t\t\t<div class=\"elementor-element elementor-element-295920e elementor-widget elementor-widget-image\" data-id=\"295920e\" data-element_type=\"widget\" data-e-type=\"widget\" data-widget_type=\"image.default\">\n\t\t\t\t\t\t\t\t\t\t\t\t\t\t\t<img decoding=\"async\" width=\"800\" height=\"526\" src=\"https:\/\/hepatoscope.com\/wp-content\/uploads\/2025\/11\/4eb705c9e1db75c725a921dc7d1e8d13c61a3534-1024x673.png\" class=\"attachment-large size-large wp-image-2267\" alt=\"\" srcset=\"https:\/\/hepatoscope.com\/wp-content\/uploads\/2025\/11\/4eb705c9e1db75c725a921dc7d1e8d13c61a3534-1024x673.png 1024w, https:\/\/hepatoscope.com\/wp-content\/uploads\/2025\/11\/4eb705c9e1db75c725a921dc7d1e8d13c61a3534-300x197.png 300w, https:\/\/hepatoscope.com\/wp-content\/uploads\/2025\/11\/4eb705c9e1db75c725a921dc7d1e8d13c61a3534-768x505.png 768w, https:\/\/hepatoscope.com\/wp-content\/uploads\/2025\/11\/4eb705c9e1db75c725a921dc7d1e8d13c61a3534.png 1226w\" sizes=\"(max-width: 800px) 100vw, 800px\" \/>\t\t\t\t\t\t\t\t\t\t\t\t\t\t\t<\/div>\n\t\t\t\t<div class=\"elementor-element elementor-element-527c004 elementor-widget__width-initial elementor-widget elementor-widget-text-editor\" data-id=\"527c004\" data-element_type=\"widget\" data-e-type=\"widget\" data-widget_type=\"text-editor.default\">\n\t\t\t\t\t\t\t\t\t<p>Ispirato alla tecnica SSI, <strong>Hepatoscope traccia in due dimensioni gli spostamenti tissutali indotti dalle onde di taglio lungo la loro direzione di propagazione.<\/strong> <br>Ci\u00f2 evita distorsioni di rifrazione e consente la visualizzazione dell&#8217;imaging della rigidit\u00e0 epatica e porta a una stima robusta della rigidit\u00e0 poich\u00e9 viene campionata una vasta porzione del fegato. <\/p>\t\t\t\t\t\t\t\t<\/div>\n\t\t\t\t<\/div>\n\t\t\t\t\t<\/div>\n\t\t\t\t<\/div>\n\t\t<div class=\"elementor-element elementor-element-8dd3e19 e-flex e-con-boxed e-con e-parent\" data-id=\"8dd3e19\" data-element_type=\"container\" data-e-type=\"container\" data-settings=\"{&quot;background_background&quot;:&quot;gradient&quot;}\">\n\t\t\t\t\t<div class=\"e-con-inner\">\n\t\t<div class=\"elementor-element elementor-element-066546a e-con-full e-flex e-con e-child\" data-id=\"066546a\" data-element_type=\"container\" data-e-type=\"container\">\n\t\t\t\t<div class=\"elementor-element elementor-element-073dfaf elementor-widget elementor-widget-video\" data-id=\"073dfaf\" data-element_type=\"widget\" data-e-type=\"widget\" data-settings=\"{&quot;youtube_url&quot;:&quot;https:\\\/\\\/www.youtube.com\\\/watch?v=XHOmBV4js_E&quot;,&quot;video_type&quot;:&quot;youtube&quot;,&quot;controls&quot;:&quot;yes&quot;}\" data-widget_type=\"video.default\">\n\t\t\t\t\t\t\t<div class=\"elementor-wrapper elementor-open-inline\">\n\t\t\t<div class=\"elementor-video\"><\/div>\t\t<\/div>\n\t\t\t\t\t\t<\/div>\n\t\t\t\t<\/div>\n\t\t\t\t\t<\/div>\n\t\t\t\t<\/div>\n\t\t\t\t<\/div>\n\t\t","protected":false},"excerpt":{"rendered":"<p>2DTE Quando l&#8217;imaging ultraveloce incontra l&#8217;elastografia transitoria Hepatoscope 2DTE (elastografia transitoria bidimensionale) \u00e8 una tecnologia ecografica rivoluzionaria per la misurazione della rigidit\u00e0 epatica (LSM), che integra sia l&#8217;elastografia transitoria (Catheline, Wu e Fink 1999) sia l&#8217;ecografia ultraveloce (Tanter e Fink 2014), implementata in un formato ultraportatile. \u00c8 il risultato di anni di sviluppo e integra [&hellip;]<\/p>\n","protected":false},"author":1,"featured_media":2054,"parent":0,"menu_order":0,"comment_status":"closed","ping_status":"closed","template":"","meta":{"_acf_changed":false,"content-type":"","footnotes":""},"class_list":["post-2264","page","type-page","status-publish","has-post-thumbnail","hentry"],"acf":[],"_links":{"self":[{"href":"https:\/\/hepatoscope.com\/it\/wp-json\/wp\/v2\/pages\/2264","targetHints":{"allow":["GET"]}}],"collection":[{"href":"https:\/\/hepatoscope.com\/it\/wp-json\/wp\/v2\/pages"}],"about":[{"href":"https:\/\/hepatoscope.com\/it\/wp-json\/wp\/v2\/types\/page"}],"author":[{"embeddable":true,"href":"https:\/\/hepatoscope.com\/it\/wp-json\/wp\/v2\/users\/1"}],"replies":[{"embeddable":true,"href":"https:\/\/hepatoscope.com\/it\/wp-json\/wp\/v2\/comments?post=2264"}],"version-history":[{"count":1,"href":"https:\/\/hepatoscope.com\/it\/wp-json\/wp\/v2\/pages\/2264\/revisions"}],"predecessor-version":[{"id":2268,"href":"https:\/\/hepatoscope.com\/it\/wp-json\/wp\/v2\/pages\/2264\/revisions\/2268"}],"wp:featuredmedia":[{"embeddable":true,"href":"https:\/\/hepatoscope.com\/it\/wp-json\/wp\/v2\/media\/2054"}],"wp:attachment":[{"href":"https:\/\/hepatoscope.com\/it\/wp-json\/wp\/v2\/media?parent=2264"}],"curies":[{"name":"wp","href":"https:\/\/api.w.org\/{rel}","templated":true}]}}