{"id":2275,"date":"2025-11-27T20:18:55","date_gmt":"2025-11-27T19:18:55","guid":{"rendered":"https:\/\/gabriel.rigodolo.com\/qus\/"},"modified":"2026-01-16T14:16:55","modified_gmt":"2026-01-16T13:16:55","slug":"qus","status":"publish","type":"page","link":"https:\/\/hepatoscope.com\/it\/qus\/","title":{"rendered":"QUS"},"content":{"rendered":"\t\t<div data-elementor-type=\"wp-page\" data-elementor-id=\"2275\" class=\"elementor elementor-2275 elementor-1454\" data-elementor-post-type=\"page\">\n\t\t\t\t<div class=\"elementor-element elementor-element-963156a e-flex e-con-boxed e-con e-parent\" data-id=\"963156a\" data-element_type=\"container\" data-e-type=\"container\">\n\t\t\t\t\t<div class=\"e-con-inner\">\n\t\t<div class=\"elementor-element elementor-element-0af8d66 e-con-full e-flex e-con e-child\" data-id=\"0af8d66\" data-element_type=\"container\" data-e-type=\"container\">\n\t\t\t\t<div class=\"elementor-element elementor-element-6c9595e elementor-widget elementor-widget-heading\" data-id=\"6c9595e\" data-element_type=\"widget\" data-e-type=\"widget\" data-widget_type=\"heading.default\">\n\t\t\t\t\t<h1 class=\"elementor-heading-title elementor-size-default\">QUS<\/h1>\t\t\t\t<\/div>\n\t\t\t\t<div class=\"elementor-element elementor-element-1414cee elementor-widget elementor-widget-heading\" data-id=\"1414cee\" data-element_type=\"widget\" data-e-type=\"widget\" data-widget_type=\"heading.default\">\n\t\t\t\t\t<h2 class=\"elementor-heading-title elementor-size-default\">Valutazione Ultraveloce e Potenziata della Steatosi Epatica<\/h2>\t\t\t\t<\/div>\n\t\t\t\t<div class=\"elementor-element elementor-element-1e0ac7c elementor-widget elementor-widget-image\" data-id=\"1e0ac7c\" data-element_type=\"widget\" data-e-type=\"widget\" data-widget_type=\"image.default\">\n\t\t\t\t\t\t\t\t\t\t\t\t\t\t\t<img decoding=\"async\" width=\"800\" height=\"15\" src=\"https:\/\/hepatoscope.com\/wp-content\/uploads\/2025\/11\/Vector-2-1024x19.png\" class=\"attachment-large size-large wp-image-2277\" alt=\"\" srcset=\"https:\/\/hepatoscope.com\/wp-content\/uploads\/2025\/11\/Vector-2-1024x19.png 1024w, https:\/\/hepatoscope.com\/wp-content\/uploads\/2025\/11\/Vector-2-300x5.png 300w, https:\/\/hepatoscope.com\/wp-content\/uploads\/2025\/11\/Vector-2-768x14.png 768w, https:\/\/hepatoscope.com\/wp-content\/uploads\/2025\/11\/Vector-2-1536x28.png 1536w, https:\/\/hepatoscope.com\/wp-content\/uploads\/2025\/11\/Vector-2.png 1648w\" sizes=\"(max-width: 800px) 100vw, 800px\" \/>\t\t\t\t\t\t\t\t\t\t\t\t\t\t\t<\/div>\n\t\t<div class=\"elementor-element elementor-element-8d52cbe e-con-full e-flex e-con e-child\" data-id=\"8d52cbe\" data-element_type=\"container\" data-e-type=\"container\">\n\t\t<div class=\"elementor-element elementor-element-74ce61d e-con-full e-flex e-con e-child\" data-id=\"74ce61d\" data-element_type=\"container\" data-e-type=\"container\">\n\t\t\t\t<div class=\"elementor-element elementor-element-971126d elementor-widget elementor-widget-text-editor\" data-id=\"971126d\" data-element_type=\"widget\" data-e-type=\"widget\" data-widget_type=\"text-editor.default\">\n\t\t\t\t\t\t\t\t\t<p>La quantificazione della steatosi nel fegato \u00e8 il primo passo nella diagnosi di MASLD e utilizza principalmente ultrasuoni non invasivi. Inizialmente visiva (qualitativa), la valutazione del grasso nel fegato ha beneficiato dello sviluppo di ultrasuoni quantitativi (QUS) che ora offrono misurazioni oggettive dei parametri correlati alla steatosi, superando le valutazioni visive soggettive. <\/p>\t\t\t\t\t\t\t\t<\/div>\n\t\t\t\t<\/div>\n\t\t<div class=\"elementor-element elementor-element-57d7396 e-con-full e-flex e-con e-child\" data-id=\"57d7396\" data-element_type=\"container\" data-e-type=\"container\">\n\t\t\t\t<div class=\"elementor-element elementor-element-02c5d78 elementor-widget elementor-widget-image\" data-id=\"02c5d78\" data-element_type=\"widget\" data-e-type=\"widget\" data-widget_type=\"image.default\">\n\t\t\t\t\t\t\t\t\t\t\t\t\t\t\t<img fetchpriority=\"high\" decoding=\"async\" width=\"800\" height=\"486\" src=\"https:\/\/hepatoscope.com\/wp-content\/uploads\/2025\/11\/07c7f8c5d0b6c58149d98b67ce72ea1de69fe00d-scaled-e1764327234859-1024x622.png\" class=\"attachment-large size-large wp-image-2276\" alt=\"\" srcset=\"https:\/\/hepatoscope.com\/wp-content\/uploads\/2025\/11\/07c7f8c5d0b6c58149d98b67ce72ea1de69fe00d-scaled-e1764327234859-1024x622.png 1024w, https:\/\/hepatoscope.com\/wp-content\/uploads\/2025\/11\/07c7f8c5d0b6c58149d98b67ce72ea1de69fe00d-scaled-e1764327234859-300x182.png 300w, https:\/\/hepatoscope.com\/wp-content\/uploads\/2025\/11\/07c7f8c5d0b6c58149d98b67ce72ea1de69fe00d-scaled-e1764327234859-768x466.png 768w, https:\/\/hepatoscope.com\/wp-content\/uploads\/2025\/11\/07c7f8c5d0b6c58149d98b67ce72ea1de69fe00d-scaled-e1764327234859-1536x933.png 1536w, https:\/\/hepatoscope.com\/wp-content\/uploads\/2025\/11\/07c7f8c5d0b6c58149d98b67ce72ea1de69fe00d-scaled-e1764327234859.png 1910w\" sizes=\"(max-width: 800px) 100vw, 800px\" \/>\t\t\t\t\t\t\t\t\t\t\t\t\t\t\t<\/div>\n\t\t\t\t<\/div>\n\t\t\t\t<\/div>\n\t\t\t\t<\/div>\n\t\t\t\t\t<\/div>\n\t\t\t\t<\/div>\n\t\t<div class=\"elementor-element elementor-element-18ed629 e-flex e-con-boxed e-con e-parent\" data-id=\"18ed629\" data-element_type=\"container\" data-e-type=\"container\">\n\t\t\t\t\t<div class=\"e-con-inner\">\n\t\t<div class=\"elementor-element elementor-element-c2cc171 e-con-full e-flex e-con e-child\" data-id=\"c2cc171\" data-element_type=\"container\" data-e-type=\"container\" data-settings=\"{&quot;background_background&quot;:&quot;classic&quot;}\">\n\t\t<div class=\"elementor-element elementor-element-330b7fd e-con-full e-flex e-con e-child\" data-id=\"330b7fd\" data-element_type=\"container\" data-e-type=\"container\">\n\t\t\t\t<div class=\"elementor-element elementor-element-f9336d7 elementor-widget elementor-widget-text-editor\" data-id=\"f9336d7\" data-element_type=\"widget\" data-e-type=\"widget\" data-widget_type=\"text-editor.default\">\n\t\t\t\t\t\t\t\t\t<p>L&#8217;aumento del grasso intracellulare eleva il coefficiente di retrodiffusione (BSC), facendo apparire il fegato pi\u00f9 luminoso (\"fegato brillante\"). Il grasso causa anche una maggiore attenuazione (ATT), ovvero perdita di segnale e ombreggiatura posteriore, e diminuisce la velocit\u00e0 del suono (SOS) poich\u00e9 il mezzo lipidico (grasso) \u00e8 un mezzo pi\u00f9 lento rispetto ai tessuti epatici sani (acquosi). <\/p>\t\t\t\t\t\t\t\t<\/div>\n\t\t\t\t<div class=\"elementor-element elementor-element-90b16f1 elementor-widget elementor-widget-image\" data-id=\"90b16f1\" data-element_type=\"widget\" data-e-type=\"widget\" data-widget_type=\"image.default\">\n\t\t\t\t\t\t\t\t\t\t\t\t\t\t\t<img decoding=\"async\" width=\"1238\" height=\"489\" src=\"https:\/\/hepatoscope.com\/wp-content\/uploads\/2025\/11\/14e6f8ee1d0d4f4e59d412604af97d22d18bb91b.png\" class=\"attachment-2048x2048 size-2048x2048 wp-image-2278\" alt=\"\" srcset=\"https:\/\/hepatoscope.com\/wp-content\/uploads\/2025\/11\/14e6f8ee1d0d4f4e59d412604af97d22d18bb91b.png 1238w, https:\/\/hepatoscope.com\/wp-content\/uploads\/2025\/11\/14e6f8ee1d0d4f4e59d412604af97d22d18bb91b-300x118.png 300w, https:\/\/hepatoscope.com\/wp-content\/uploads\/2025\/11\/14e6f8ee1d0d4f4e59d412604af97d22d18bb91b-1024x404.png 1024w, https:\/\/hepatoscope.com\/wp-content\/uploads\/2025\/11\/14e6f8ee1d0d4f4e59d412604af97d22d18bb91b-768x303.png 768w\" sizes=\"(max-width: 1238px) 100vw, 1238px\" \/>\t\t\t\t\t\t\t\t\t\t\t\t\t\t\t<\/div>\n\t\t\t\t<div class=\"elementor-element elementor-element-c296f39 elementor-widget elementor-widget-text-editor\" data-id=\"c296f39\" data-element_type=\"widget\" data-e-type=\"widget\" data-widget_type=\"text-editor.default\">\n\t\t\t\t\t\t\t\t\t<p>Hepatoscope, grazie al suo flusso di lavoro QUS, \u00e8 l&#8217;unico sistema che offre la stima in tempo reale di ATT, BSC e SOS basata sull&#8217;imaging a ultrasuoni ultraveloce. La stima di BSC e ATT viene eseguita utilizzando un metodo basato su riferimento. Questo approccio \u00e8 potente perch\u00e9 utilizza un fantoccio di riferimento ben caratterizzato per annullare le variabili dipendenti dal sistema.  <\/p>\t\t\t\t\t\t\t\t<\/div>\n\t\t\t\t<div class=\"elementor-element elementor-element-e64130a elementor-widget elementor-widget-text-editor\" data-id=\"e64130a\" data-element_type=\"widget\" data-e-type=\"widget\" data-widget_type=\"text-editor.default\">\n\t\t\t\t\t\t\t\t\t<p>Confrontando i segnali dal tessuto con il segnale dal fantoccio, si possono isolare le propriet\u00e0 acustiche intrinseche del tessuto. L&#8217;accoppiamento dell&#8217;imaging a ultrasuoni ultraveloce con l&#8217;approccio basato su riferimento presenta diversi vantaggi, tra cui una maggiore accuratezza e robustezza grazie all&#8217;ampio averaging e compounding del segnale, la mitigazione degli artefatti di movimento \"congelando\" il movimento fisiologico, una migliore media statistica per i tessuti eterogenei, un volume di campionamento pi\u00f9 ampio nel fegato e una ridotta dipendenza dall&#8217;operatore, portando a valutazioni quantitative pi\u00f9 coerenti e affidabili, il che \u00e8 fondamentale per il monitoraggio del contenuto di grasso nel fegato dei pazienti con MASLD. <\/p>\t\t\t\t\t\t\t\t<\/div>\n\t\t\t\t<div class=\"elementor-element elementor-element-31a18cc elementor-widget elementor-widget-image\" data-id=\"31a18cc\" data-element_type=\"widget\" data-e-type=\"widget\" data-widget_type=\"image.default\">\n\t\t\t\t\t\t\t\t\t\t\t\t\t\t\t<img loading=\"lazy\" decoding=\"async\" width=\"1227\" height=\"813\" src=\"https:\/\/hepatoscope.com\/wp-content\/uploads\/2025\/11\/e244b76d3e168f74d9d5d664088994753ff99cf8.png\" class=\"attachment-2048x2048 size-2048x2048 wp-image-2279\" alt=\"\" srcset=\"https:\/\/hepatoscope.com\/wp-content\/uploads\/2025\/11\/e244b76d3e168f74d9d5d664088994753ff99cf8.png 1227w, https:\/\/hepatoscope.com\/wp-content\/uploads\/2025\/11\/e244b76d3e168f74d9d5d664088994753ff99cf8-300x199.png 300w, https:\/\/hepatoscope.com\/wp-content\/uploads\/2025\/11\/e244b76d3e168f74d9d5d664088994753ff99cf8-1024x678.png 1024w, https:\/\/hepatoscope.com\/wp-content\/uploads\/2025\/11\/e244b76d3e168f74d9d5d664088994753ff99cf8-768x509.png 768w\" sizes=\"(max-width: 1227px) 100vw, 1227px\" \/>\t\t\t\t\t\t\t\t\t\t\t\t\t\t\t<\/div>\n\t\t\t\t<\/div>\n\t\t\t\t<\/div>\n\t\t\t\t\t<\/div>\n\t\t\t\t<\/div>\n\t\t<div class=\"elementor-element elementor-element-11e3eb4 e-flex e-con-boxed e-con e-parent\" data-id=\"11e3eb4\" data-element_type=\"container\" data-e-type=\"container\" data-settings=\"{&quot;background_background&quot;:&quot;gradient&quot;}\">\n\t\t\t\t\t<div class=\"e-con-inner\">\n\t\t<div class=\"elementor-element elementor-element-443ab65 e-con-full e-flex e-con e-child\" data-id=\"443ab65\" data-element_type=\"container\" data-e-type=\"container\">\n\t\t\t\t<div class=\"elementor-element elementor-element-bd74721 elementor-widget elementor-widget-text-editor\" data-id=\"bd74721\" data-element_type=\"widget\" data-e-type=\"widget\" data-widget_type=\"text-editor.default\">\n\t\t\t\t\t\t\t\t\t<p>Per quanto riguarda la stima della SOS, Hepatoscope implementa un metodo brevettato sviluppato presso E-Scopics (Heriard-Dubreuil et al. 2023). L&#8217;innovazione principale \u00e8 una nuova tecnica di stima della SOS che utilizza un approccio angolare basato su onde piane per sfruttare le propriet\u00e0 di rifrazione nei mezzi stratificati. Ci\u00f2 consente di dedurre i valori locali della velocit\u00e0 del suono direttamente dai dati grezzi angolari, offrendo misurazioni robuste, accurate e in tempo reale con un numero significativamente inferiore di emissioni e un tempo di calcolo inferiore rispetto agli altri metodi esistenti.  <\/p>\t\t\t\t\t\t\t\t<\/div>\n\t\t\t\t<div class=\"elementor-element elementor-element-2412830 elementor-widget elementor-widget-text-editor\" data-id=\"2412830\" data-element_type=\"widget\" data-e-type=\"widget\" data-widget_type=\"text-editor.default\">\n\t\t\t\t\t\t\t\t\t<p>Le acquisizioni ultraveloci consentono una misurazione in tempo reale di un indice di qualit\u00e0, guidando gli operatori quantificando l&#8217;affidabilit\u00e0 del segnale acustico. Questo indice multifattoriale, derivato dalla stabilit\u00e0 del segnale, dal rapporto segnale-rumore e dalla bont\u00e0 di adattamento del modello, indica misurazioni affidabili quando \u00e8 alto. <\/p>\t\t\t\t\t\t\t\t<\/div>\n\t\t\t\t<div class=\"elementor-element elementor-element-74bdba4 elementor-widget elementor-widget-text-editor\" data-id=\"74bdba4\" data-element_type=\"widget\" data-e-type=\"widget\" data-widget_type=\"text-editor.default\">\n\t\t\t\t\t\t\t\t\t<p>I vantaggi clinici includono una maggiore sicurezza e una riduzione degli errori scartando i dati inaffidabili (ad esempio, da ombre delle costole, scarso contatto della sonda, grandi vasi sanguigni). Il feedback visivo immediato con l&#8217;imaging in modalit\u00e0 B ottimizza il posizionamento della sonda e l&#8217;acquisizione dei dati, migliorando notevolmente la riproducibilit\u00e0 e l&#8217;affidabilit\u00e0 della misurazione. <\/p>\t\t\t\t\t\t\t\t<\/div>\n\t\t\t\t<div class=\"elementor-element elementor-element-1ce8013 elementor-widget elementor-widget-text-editor\" data-id=\"1ce8013\" data-element_type=\"widget\" data-e-type=\"widget\" data-widget_type=\"text-editor.default\">\n\t\t\t\t\t\t\t\t\t<p><b>In E-Scopics, siamo consapevoli che l&#8217;adozione clinica dei biomarcatori QUS richiede che le misurazioni siano accurate e riproducibili tra diversi sistemi a ultrasuoni, operatori e istituzioni.<\/b><\/p>\t\t\t\t\t\t\t\t<\/div>\n\t\t\t\t<div class=\"elementor-element elementor-element-5db1b87 elementor-widget elementor-widget-text-editor\" data-id=\"5db1b87\" data-element_type=\"widget\" data-e-type=\"widget\" data-widget_type=\"text-editor.default\">\n\t\t\t\t\t\t\t\t\t<p>Per soddisfare questa esigenza critica di standardizzazione, il nostro team contribuisce attivamente all&#8217;iniziativa QIBA PEQUS (Quantitative Imaging Biomarkers Alliance &#8211; Pulse-Echo Quantitative Ultrasound).<\/p>\t\t\t\t\t\t\t\t<\/div>\n\t\t\t\t<\/div>\n\t\t<div class=\"elementor-element elementor-element-e08f706 e-con-full e-flex e-con e-child\" data-id=\"e08f706\" data-element_type=\"container\" data-e-type=\"container\">\n\t\t\t\t<div class=\"elementor-element elementor-element-d8908a1 elementor-widget elementor-widget-heading\" data-id=\"d8908a1\" data-element_type=\"widget\" data-e-type=\"widget\" data-widget_type=\"heading.default\">\n\t\t\t\t\t<h2 class=\"elementor-heading-title elementor-size-default\">Riferimenti<\/h2>\t\t\t\t<\/div>\n\t\t\t\t<div class=\"elementor-element elementor-element-403402b elementor-widget elementor-widget-image\" data-id=\"403402b\" data-element_type=\"widget\" data-e-type=\"widget\" data-widget_type=\"image.default\">\n\t\t\t\t\t\t\t\t\t\t\t\t\t\t\t<img decoding=\"async\" width=\"800\" height=\"15\" src=\"https:\/\/hepatoscope.com\/wp-content\/uploads\/2025\/11\/Vector-2-1024x19.png\" class=\"attachment-large size-large wp-image-2277\" alt=\"\" srcset=\"https:\/\/hepatoscope.com\/wp-content\/uploads\/2025\/11\/Vector-2-1024x19.png 1024w, https:\/\/hepatoscope.com\/wp-content\/uploads\/2025\/11\/Vector-2-300x5.png 300w, https:\/\/hepatoscope.com\/wp-content\/uploads\/2025\/11\/Vector-2-768x14.png 768w, https:\/\/hepatoscope.com\/wp-content\/uploads\/2025\/11\/Vector-2-1536x28.png 1536w, https:\/\/hepatoscope.com\/wp-content\/uploads\/2025\/11\/Vector-2.png 1648w\" sizes=\"(max-width: 800px) 100vw, 800px\" \/>\t\t\t\t\t\t\t\t\t\t\t\t\t\t\t<\/div>\n\t\t\t\t<div class=\"elementor-element elementor-element-1b603ac elementor-align-center elementor-mobile-align-start elementor-widget__width-initial elementor-icon-list--layout-traditional elementor-list-item-link-full_width elementor-widget elementor-widget-icon-list\" data-id=\"1b603ac\" data-element_type=\"widget\" data-e-type=\"widget\" data-widget_type=\"icon-list.default\">\n\t\t\t\t\t\t\t<ul class=\"elementor-icon-list-items\">\n\t\t\t\t\t\t\t<li class=\"elementor-icon-list-item\">\n\t\t\t\t\t\t\t\t\t\t\t<a href=\"https:\/\/pubmed.ncbi.nlm.nih.gov\/15139541\/\" target=\"_blank\">\n\n\t\t\t\t\t\t\t\t\t\t\t<span class=\"elementor-icon-list-text\">Bercoff, J\u00e9r\u00e9my, Micka\u00ebl Tanter e Mathias Fink. 2004. \u201cSupersonic Shear Imaging: A New Technique for Soft Tissue Elasticity Mapping.\u201d IEEE Transactions on Ultrasonics, Ferroelectrics, and Frequency Control 51 (4): 396\u2013409. <\/span>\n\t\t\t\t\t\t\t\t\t\t\t<\/a>\n\t\t\t\t\t\t\t\t\t<\/li>\n\t\t\t\t\t\t\t\t<li class=\"elementor-icon-list-item\">\n\t\t\t\t\t\t\t\t\t\t\t<a href=\"https:\/\/pubs.aip.org\/asa\/jasa\/article-pdf\/105\/5\/2941\/8085677\/2941_1_online.pdf\" target=\"_blank\">\n\n\t\t\t\t\t\t\t\t\t\t\t<span class=\"elementor-icon-list-text\">Catheline, S., F. Wu e M. Fink. 1999. \u201cA Solution to Diffraction Biases in Sonoelasticity: The Acoustic Impulse Technique.\u201d The Journal of the Acoustical Society of America 105 (5): 2941\u201350. <\/span>\n\t\t\t\t\t\t\t\t\t\t\t<\/a>\n\t\t\t\t\t\t\t\t\t<\/li>\n\t\t\t\t\t\t\t\t<li class=\"elementor-icon-list-item\">\n\t\t\t\t\t\t\t\t\t\t\t<a href=\"https:\/\/pmc.ncbi.nlm.nih.gov\/articles\/PMC3177611\/\" target=\"_blank\">\n\n\t\t\t\t\t\t\t\t\t\t\t<span class=\"elementor-icon-list-text\">Lerner, R. M., S. R. Huang e K. J. Parker. 1990. \u201c\u2018Sonoelasticity\u2019 Images Derived from Ultrasound Signals in Mechanically Vibrated Tissues.\u201d Ultrasound in Medicine &amp; Biology 16 (3): 231\u201339. <\/span>\n\t\t\t\t\t\t\t\t\t\t\t<\/a>\n\t\t\t\t\t\t\t\t\t<\/li>\n\t\t\t\t\t\t\t\t<li class=\"elementor-icon-list-item\">\n\t\t\t\t\t\t\t\t\t\t\t<a href=\"https:\/\/pmc.ncbi.nlm.nih.gov\/articles\/PMC4562693\/\" target=\"_blank\">\n\n\t\t\t\t\t\t\t\t\t\t\t<span class=\"elementor-icon-list-text\">Muthupillai, R., D. J. Lomas, P. J. Rossman, J. F. Greenleaf, A. Manduca e R. L. Ehman. 1995. \u201cMagnetic Resonance Elastography by Direct Visualization of Propagating Acoustic Strain Waves.\u201d Science (New York, N.Y.) 269 (5232): 1854\u201357. <\/span>\n\t\t\t\t\t\t\t\t\t\t\t<\/a>\n\t\t\t\t\t\t\t\t\t<\/li>\n\t\t\t\t\t\t\t\t<li class=\"elementor-icon-list-item\">\n\t\t\t\t\t\t\t\t\t\t\t<a href=\"https:\/\/pubmed.ncbi.nlm.nih.gov\/11508987\/\" target=\"_blank\">\n\n\t\t\t\t\t\t\t\t\t\t\t<span class=\"elementor-icon-list-text\">Nightingale, K. R., M. L. Palmeri, R. W. Nightingale e G. E. Trahey. 2001. \u201cOn the Feasibility of Remote Palpation Using Acoustic Radiation Force.\u201d The Journal of the Acoustical Society of America 110 (1): 625\u201334. <\/span>\n\t\t\t\t\t\t\t\t\t\t\t<\/a>\n\t\t\t\t\t\t\t\t\t<\/li>\n\t\t\t\t\t\t\t\t<li class=\"elementor-icon-list-item\">\n\t\t\t\t\t\t\t\t\t\t\t<a href=\"https:\/\/pubmed.ncbi.nlm.nih.gov\/1858217\/\" target=\"_blank\">\n\n\t\t\t\t\t\t\t\t\t\t\t<span class=\"elementor-icon-list-text\">Ophir, J., I. C\u00e9spedes, H. Ponnekanti, Y. Yazdi e X. Li. 1991. \u201cElastography: A Quantitative Method for Imaging the Elasticity of Biological Tissues.\u201d Ultrasonic Imaging 13 (2): 111\u201334. <\/span>\n\t\t\t\t\t\t\t\t\t\t\t<\/a>\n\t\t\t\t\t\t\t\t\t<\/li>\n\t\t\t\t\t\t\t\t<li class=\"elementor-icon-list-item\">\n\t\t\t\t\t\t\t\t\t\t\t<a href=\"https:\/\/pubmed.ncbi.nlm.nih.gov\/24402899\/\" target=\"_blank\">\n\n\t\t\t\t\t\t\t\t\t\t\t<span class=\"elementor-icon-list-text\">Tanter, Mickael e Mathias Fink. 2014. \u201cUltrafast Imaging in Biomedical Ultrasound.\u201d IEEE Transactions on Ultrasonics, Ferroelectrics, and Frequency Control 61 (1): 102\u201319. <\/span>\n\t\t\t\t\t\t\t\t\t\t\t<\/a>\n\t\t\t\t\t\t\t\t\t<\/li>\n\t\t\t\t\t\t\t\t<li class=\"elementor-icon-list-item\">\n\t\t\t\t\t\t\t\t\t\t\t<a href=\"https:\/\/pubmed.ncbi.nlm.nih.gov\/18467059\/\" target=\"_blank\">\n\n\t\t\t\t\t\t\t\t\t\t\t<span class=\"elementor-icon-list-text\">Yin, Meng, Olivier Rouvi\u00e8re, Kevin J. Glaser e Richard L. Ehman. 2008. \u201cDiffraction-Biased Shear Wave Fields Generated with Longitudinal Magnetic Resonance Elastography Drivers.\u201d Magnetic Resonance Imaging 26 (6): 770\u201380. <\/span>\n\t\t\t\t\t\t\t\t\t\t\t<\/a>\n\t\t\t\t\t\t\t\t\t<\/li>\n\t\t\t\t\t\t<\/ul>\n\t\t\t\t\t\t<\/div>\n\t\t\t\t<\/div>\n\t\t\t\t\t<\/div>\n\t\t\t\t<\/div>\n\t\t\t\t<\/div>\n\t\t","protected":false},"excerpt":{"rendered":"<p>QUS Valutazione Ultraveloce e Potenziata della Steatosi Epatica La quantificazione della steatosi nel fegato \u00e8 il primo passo nella diagnosi di MASLD e utilizza principalmente ultrasuoni non invasivi. Inizialmente visiva (qualitativa), la valutazione del grasso nel fegato ha beneficiato dello sviluppo di ultrasuoni quantitativi (QUS) che ora offrono misurazioni oggettive dei parametri correlati alla steatosi, [&hellip;]<\/p>\n","protected":false},"author":1,"featured_media":2054,"parent":0,"menu_order":0,"comment_status":"closed","ping_status":"closed","template":"","meta":{"_acf_changed":false,"content-type":"","footnotes":""},"class_list":["post-2275","page","type-page","status-publish","has-post-thumbnail","hentry"],"acf":[],"_links":{"self":[{"href":"https:\/\/hepatoscope.com\/it\/wp-json\/wp\/v2\/pages\/2275","targetHints":{"allow":["GET"]}}],"collection":[{"href":"https:\/\/hepatoscope.com\/it\/wp-json\/wp\/v2\/pages"}],"about":[{"href":"https:\/\/hepatoscope.com\/it\/wp-json\/wp\/v2\/types\/page"}],"author":[{"embeddable":true,"href":"https:\/\/hepatoscope.com\/it\/wp-json\/wp\/v2\/users\/1"}],"replies":[{"embeddable":true,"href":"https:\/\/hepatoscope.com\/it\/wp-json\/wp\/v2\/comments?post=2275"}],"version-history":[{"count":3,"href":"https:\/\/hepatoscope.com\/it\/wp-json\/wp\/v2\/pages\/2275\/revisions"}],"predecessor-version":[{"id":2994,"href":"https:\/\/hepatoscope.com\/it\/wp-json\/wp\/v2\/pages\/2275\/revisions\/2994"}],"wp:featuredmedia":[{"embeddable":true,"href":"https:\/\/hepatoscope.com\/it\/wp-json\/wp\/v2\/media\/2054"}],"wp:attachment":[{"href":"https:\/\/hepatoscope.com\/it\/wp-json\/wp\/v2\/media?parent=2275"}],"curies":[{"name":"wp","href":"https:\/\/api.w.org\/{rel}","templated":true}]}}